{"id":5527,"date":"2017-11-22T23:24:34","date_gmt":"2017-11-22T22:24:34","guid":{"rendered":"http:\/\/www.latribunedeplanas.com\/la-tribune-de-planas\/"},"modified":"2025-12-15T18:04:24","modified_gmt":"2025-12-15T17:04:24","slug":"la-tribune-de-planas","status":"publish","type":"page","link":"https:\/\/www.latribunedeplanas.com\/es\/","title":{"rendered":"La Tribune de Planas, Pratdip"},"content":{"rendered":"<p>[et_pb_section fb_built=\u00bb1&#8243; module_class=\u00bbsection-index\u00bb _builder_version=\u00bb4.16&#8243; module_alignment=\u00bbcenter\u00bb custom_margin=\u00bb0px|0px|0px|0px||true\u00bb custom_padding=\u00bb0px|0px|0px|0px|false\u00bb collapsed=\u00bboff\u00bb global_colors_info=\u00bb{}\u00bb][et_pb_row column_structure=\u00bb3_4,1_4&#8243; use_custom_gutter=\u00bbon\u00bb gutter_width=\u00bb1&#8243; module_id=\u00bbligne-blog\u00bb module_class=\u00bbligne\u00bb _builder_version=\u00bb4.27.4&#8243; custom_margin=\u00bb90px||50px||false|false\u00bb custom_margin_tablet=\u00bb50px||||false|false\u00bb custom_margin_phone=\u00bb55px||0px||false|false\u00bb custom_margin_last_edited=\u00bbon|phone\u00bb custom_padding=\u00bb0px||0px\u00bb use_custom_width=\u00bbon\u00bb width_unit=\u00bboff\u00bb global_colors_info=\u00bb{}\u00bb][et_pb_column type=\u00bb3_4&#8243; _builder_version=\u00bb4.16&#8243; custom_padding=\u00bb|||\u00bb global_colors_info=\u00bb{}\u00bb custom_padding__hover=\u00bb|||\u00bb][et_pb_text admin_label=\u00bbTexte-Qui\u00e9nes somos\u00bb module_class=\u00bbtxt-page\u00bb _builder_version=\u00bb4.27.4&#8243; text_font=\u00bb|300|||||||\u00bb text_line_height=\u00bb1.3em\u00bb header_font=\u00bb|700|||||||\u00bb header_text_color=\u00bb#003978&#8243; header_font_size=\u00bb40px\u00bb header_line_height=\u00bb1.3em\u00bb header_2_font=\u00bb|700|||||||\u00bb header_2_text_color=\u00bb#003978&#8243; header_2_font_size=\u00bb30px\u00bb header_2_line_height=\u00bb1.3em\u00bb header_3_text_color=\u00bb#333333&#8243; header_3_font_size=\u00bb24px\u00bb header_3_line_height=\u00bb1.3em\u00bb module_alignment=\u00bbleft\u00bb custom_margin=\u00bb|1%|25px|1%|false|true\u00bb custom_margin_tablet=\u00bb|0%||0%|false|true\u00bb custom_margin_phone=\u00bb\u00bb custom_margin_last_edited=\u00bbon|desktop\u00bb header_font_size_tablet=\u00bb40px\u00bb header_font_size_phone=\u00bb28px\u00bb header_font_size_last_edited=\u00bbon|phone\u00bb header_2_font_size_tablet=\u00bb\u00bb header_2_font_size_phone=\u00bb21px\u00bb header_2_font_size_last_edited=\u00bbon|phone\u00bb header_3_font_size_tablet=\u00bb\u00bb header_3_font_size_phone=\u00bb23px\u00bb header_3_font_size_last_edited=\u00bbon|phone\u00bb header_3_line_height_last_edited=\u00bboff|phone\u00bb global_colors_info=\u00bb{}\u00bb]<\/p>\n<h1>\u00bfQui\u00e9nes somos?<\/h1>\n<p>La Tribune de Planas es un sitio web de informaci\u00f3n independiente creado por un grupo de vecinos de Las Planas del Rey (Les Planes del Rei), una urbanizaci\u00f3n situada en el municipio de Pratdip, en Catalu\u00f1a.<\/p>\n<p>Nuestro objetivo es informar a los residentes sobre la situaci\u00f3n jur\u00eddica de la urbanizaci\u00f3n, su historial administrativo, as\u00ed como sobre las relaciones con el Ayuntamiento de <a href=\"https:\/\/es.wikipedia.org\/wiki\/Pratdip\" target=\"_blank\" rel=\"noopener\">Pratdip<\/a>, especialmente en materia de servicios municipales, urbanismo y derechos de los propietarios.<\/p>\n<p style=\"font-size:24px; color:#003978; font-weight:700; padding-bottom:5px;\">Nuestra misi\u00f3n:<\/p>\n<p>Comprometida con la defensa tanto de sus deberes como de sus derechos, nuestra asociaci\u00f3n de vecinos \u2014 SOS Planas \u2014 act\u00faa de manera no pol\u00edtica y se basa exclusivamente en la legalidad y en los procedimientos administrativos para lograr que Les Planes del Rei sea reconocido como un administrado pleno de Pratdip.<\/p>\n<p>Hoy en d\u00eda, nuestra labor consiste en utilizar las herramientas jur\u00eddicas e institucionales para obtener los servicios m\u00ednimos a los que la urbanizaci\u00f3n tiene derecho, conforme a la legislaci\u00f3n catalana y espa\u00f1ola.<\/p>\n<p class=\"accentue\">Asociaci\u00f3n de Vecinos Les Planes del Rei \u2013 SOS Planas<\/p>\n<p>[\/et_pb_text][et_pb_text admin_label=\u00bbTitre-Ultimo Articulo\u00bb _builder_version=\u00bb4.16&#8243; text_font=\u00bb|600||on|||||\u00bb text_font_size=\u00bb27px\u00bb header_font=\u00bb||||||||\u00bb header_text_color=\u00bb#ffffff\u00bb header_font_size=\u00bb27px\u00bb header_2_font=\u00bb|600||on|||||\u00bb header_2_font_size=\u00bb27px\u00bb background_color=\u00bb#003978&#8243; text_orientation=\u00bbcenter\u00bb background_layout=\u00bbdark\u00bb module_alignment=\u00bbcenter\u00bb custom_margin=\u00bb25px|1%|25px|1%|false|true\u00bb custom_margin_tablet=\u00bb\u00bb custom_margin_phone=\u00bb25px|0%|25px|0%|false|true\u00bb custom_margin_last_edited=\u00bbon|desktop\u00bb custom_padding=\u00bb16px||15px||false|false\u00bb text_font_size_tablet=\u00bb\u00bb text_font_size_phone=\u00bb22px\u00bb text_font_size_last_edited=\u00bbon|phone\u00bb header_2_font_size_tablet=\u00bb\u00bb header_2_font_size_phone=\u00bb22px\u00bb header_2_font_size_last_edited=\u00bbon|desktop\u00bb border_radii=\u00bbon|3px|3px|3px|3px\u00bb global_colors_info=\u00bb{}\u00bb]<\/p>\n<p>Ultimo articulo<\/p>\n<p>[\/et_pb_text][et_pb_blog posts_number=\u00bb1&#8243; include_categories=\u00bb189&#8243; meta_date=\u00bbj M, Y\u00bb show_author=\u00bboff\u00bb show_categories=\u00bboff\u00bb show_pagination=\u00bboff\u00bb admin_label=\u00bbBlog-Ultimo Articulo\u00bb module_id=\u00bbblog-da\u00bb _builder_version=\u00bb4.27.4&#8243; header_font=\u00bb|600|||||||\u00bb header_text_color=\u00bb#00397e\u00bb header_font_size=\u00bb32px\u00bb header_line_height=\u00bb1.1em\u00bb body_line_height=\u00bb1.2em\u00bb meta_font=\u00bb|600|||||||\u00bb meta_text_color=\u00bb#840303&#8243; meta_font_size=\u00bb16px\u00bb pagination_font=\u00bb||||||||\u00bb custom_margin=\u00bb|1%||1%|false|true\u00bb custom_margin_tablet=\u00bb|0%||0%|false|true\u00bb custom_margin_phone=\u00bb|0%||0%|false|true\u00bb custom_margin_last_edited=\u00bbon|tablet\u00bb custom_padding=\u00bb|||\u00bb header_font_size_tablet=\u00bb\u00bb header_font_size_phone=\u00bb20px\u00bb header_font_size_last_edited=\u00bbon|phone\u00bb body_line_height_tablet=\u00bb1.1em\u00bb body_line_height_phone=\u00bb\u00bb body_line_height_last_edited=\u00bbon|tablet\u00bb pagination_font_size_tablet=\u00bb51&#8243; pagination_line_height_tablet=\u00bb2&#8243; border_color_all=\u00bb#003978&#8243; border_radii_fullwidth=\u00bbon|3px|3px|3px|3px\u00bb border_width_all_fullwidth=\u00bb1px\u00bb border_color_all_fullwidth=\u00bb#003978&#8243; global_colors_info=\u00bb{}\u00bb child_filter_saturate__hover_enabled=\u00bbon\u00bb child_filter_saturate__hover=\u00bb100%\u00bb][\/et_pb_blog][et_pb_text admin_label=\u00bbTitre-Situation\u00bb _builder_version=\u00bb4.16&#8243; text_font=\u00bb|600||on|||||\u00bb text_font_size=\u00bb27px\u00bb header_font=\u00bb||||||||\u00bb header_text_color=\u00bb#ffffff\u00bb header_font_size=\u00bb27px\u00bb header_2_font=\u00bb|600||on|||||\u00bb header_2_font_size=\u00bb27px\u00bb background_color=\u00bb#003978&#8243; text_orientation=\u00bbcenter\u00bb background_layout=\u00bbdark\u00bb module_alignment=\u00bbcenter\u00bb custom_margin=\u00bb25px|1%|25px|1%|false|true\u00bb custom_margin_tablet=\u00bb\u00bb custom_margin_phone=\u00bb25px|0%|25px|0%|false|true\u00bb custom_margin_last_edited=\u00bbon|desktop\u00bb custom_padding=\u00bb16px||15px||false|false\u00bb text_font_size_tablet=\u00bb\u00bb text_font_size_phone=\u00bb22px\u00bb text_font_size_last_edited=\u00bbon|phone\u00bb header_2_font_size_tablet=\u00bb\u00bb header_2_font_size_phone=\u00bb22px\u00bb header_2_font_size_last_edited=\u00bbon|desktop\u00bb border_radii=\u00bbon|3px|3px|3px|3px\u00bb global_colors_info=\u00bb{}\u00bb]Situaci\u00f3n Actua[\/et_pb_text][et_pb_blog fullwidth=\u00bboff\u00bb posts_number=\u00bb30&#8243; include_categories=\u00bb160,189&#8243; meta_date=\u00bbj M,Y\u00bb show_author=\u00bboff\u00bb show_categories=\u00bboff\u00bb show_pagination=\u00bboff\u00bb offset_number=\u00bb1&#8243; admin_label=\u00bbBlog-Situation\u00bb module_id=\u00bbblog-situation\u00bb module_class=\u00bbblog-3-colonnes\u00bb _builder_version=\u00bb4.27.4&#8243; header_level=\u00bbh3&#8243; header_font=\u00bb|600|||||||\u00bb header_text_color=\u00bb#00397e\u00bb header_font_size=\u00bb20px\u00bb body_line_height=\u00bb1.2em\u00bb meta_font=\u00bb|600|||||||\u00bb meta_text_color=\u00bb#840303&#8243; meta_font_size=\u00bb16px\u00bb pagination_font=\u00bb||||||||\u00bb custom_margin=\u00bb||\u00bb custom_padding=\u00bb|||\u00bb header_font_size_phone=\u00bb20px\u00bb header_font_size_last_edited=\u00bboff|phone\u00bb body_line_height_tablet=\u00bb1.1em\u00bb body_line_height_phone=\u00bb\u00bb body_line_height_last_edited=\u00bbon|tablet\u00bb pagination_font_size_tablet=\u00bb51&#8243; pagination_line_height_tablet=\u00bb2&#8243; border_radii=\u00bbon|3px|3px|3px|3px\u00bb border_color_all=\u00bb#003978&#8243; global_colors_info=\u00bb{}\u00bb child_filter_saturate__hover_enabled=\u00bbon\u00bb child_filter_saturate__hover=\u00bb100%\u00bb][\/et_pb_blog][\/et_pb_column][et_pb_column type=\u00bb1_4&#8243; _builder_version=\u00bb4.16&#8243; custom_padding=\u00bb|||\u00bb global_colors_info=\u00bb{}\u00bb custom_padding__hover=\u00bb|||\u00bb][et_pb_sidebar area=\u00bbsidebar-1&#8243; show_border=\u00bboff\u00bb module_class=\u00bbsidebar\u00bb _builder_version=\u00bb4.16&#8243; custom_padding=\u00bb|||||true\u00bb border_width_all=\u00bb1px\u00bb border_color_all=\u00bb#00397e\u00bb global_colors_info=\u00bb{}\u00bb][\/et_pb_sidebar][\/et_pb_column][\/et_pb_row][\/et_pb_section]<\/p>\n","protected":false},"excerpt":{"rendered":"<p>\u00bfQui\u00e9nes somos? La Tribune de Planas es un sitio web de informaci\u00f3n independiente creado por un grupo de vecinos de Las Planas del Rey (Les Planes del Rei), una urbanizaci\u00f3n situada en el municipio de Pratdip, en Catalu\u00f1a. Nuestro objetivo es informar a los residentes sobre la situaci\u00f3n jur\u00eddica de la urbanizaci\u00f3n, su historial administrativo, [&hellip;]<\/p>\n","protected":false},"author":1,"featured_media":8501,"parent":0,"menu_order":0,"comment_status":"closed","ping_status":"closed","template":"","meta":{"_et_pb_use_builder":"on","_et_pb_old_content":"","_et_gb_content_width":"","footnotes":""},"class_list":["post-5527","page","type-page","status-publish","has-post-thumbnail","hentry"],"yoast_head":"<!-- This site is optimized with the Yoast SEO plugin v27.3 - https:\/\/yoast.com\/product\/yoast-seo-wordpress\/ -->\n<title>Pratdip \u2013 Les Planes del Rei | La Tribune de Planas<\/title>\n<meta name=\"description\" content=\"Pratdip: informaci\u00f3n clave sobre Les Planes del Rei, su situaci\u00f3n jur\u00eddica, servicios municipales y la labor de la asociaci\u00f3n SOS Planas\" \/>\n<meta name=\"robots\" content=\"index, follow, max-snippet:-1, max-image-preview:large, max-video-preview:-1\" \/>\n<link rel=\"canonical\" href=\"https:\/\/www.latribunedeplanas.com\/es\/\" \/>\n<meta property=\"og:locale\" content=\"es_ES\" \/>\n<meta property=\"og:type\" content=\"article\" \/>\n<meta property=\"og:title\" content=\"Pratdip \u2013 Les Planes del Rei | La Tribune de Planas\" \/>\n<meta property=\"og:description\" content=\"Pratdip: informaci\u00f3n clave sobre Les Planes del Rei, su situaci\u00f3n jur\u00eddica, servicios municipales y la labor de la asociaci\u00f3n SOS Planas\" \/>\n<meta property=\"og:url\" content=\"https:\/\/www.latribunedeplanas.com\/es\/\" \/>\n<meta property=\"og:site_name\" content=\"La Tribune de Planas\" \/>\n<meta property=\"article:publisher\" content=\"https:\/\/www.facebook.com\/groups\/1220895301376005\/\" \/>\n<meta property=\"article:modified_time\" content=\"2025-12-15T17:04:24+00:00\" \/>\n<meta property=\"og:image\" content=\"https:\/\/www.latribunedeplanas.com\/wp-content\/uploads\/2018\/05\/cropped-favicon.jpg\" \/>\n\t<meta property=\"og:image:width\" content=\"512\" \/>\n\t<meta property=\"og:image:height\" content=\"512\" \/>\n\t<meta property=\"og:image:type\" content=\"image\/jpeg\" \/>\n<meta name=\"twitter:card\" content=\"summary_large_image\" \/>\n<meta name=\"twitter:label1\" content=\"Tiempo de lectura\" \/>\n\t<meta name=\"twitter:data1\" content=\"17 minutos\" \/>\n<script type=\"application\/ld+json\" class=\"yoast-schema-graph\">{\"@context\":\"https:\\\/\\\/schema.org\",\"@graph\":[{\"@type\":\"WebPage\",\"@id\":\"https:\\\/\\\/www.latribunedeplanas.com\\\/es\\\/\",\"url\":\"https:\\\/\\\/www.latribunedeplanas.com\\\/es\\\/\",\"name\":\"Pratdip \u2013 Les Planes del Rei | La Tribune de Planas\",\"isPartOf\":{\"@id\":\"https:\\\/\\\/www.latribunedeplanas.com\\\/es\\\/#website\"},\"primaryImageOfPage\":{\"@id\":\"https:\\\/\\\/www.latribunedeplanas.com\\\/es\\\/#primaryimage\"},\"image\":{\"@id\":\"https:\\\/\\\/www.latribunedeplanas.com\\\/es\\\/#primaryimage\"},\"thumbnailUrl\":\"https:\\\/\\\/www.latribunedeplanas.com\\\/wp-content\\\/uploads\\\/2018\\\/05\\\/favicon.jpg\",\"datePublished\":\"2017-11-22T22:24:34+00:00\",\"dateModified\":\"2025-12-15T17:04:24+00:00\",\"description\":\"Pratdip: informaci\u00f3n clave sobre Les Planes del Rei, su situaci\u00f3n jur\u00eddica, servicios municipales y la labor de la asociaci\u00f3n SOS Planas\",\"breadcrumb\":{\"@id\":\"https:\\\/\\\/www.latribunedeplanas.com\\\/es\\\/#breadcrumb\"},\"inLanguage\":\"es\",\"potentialAction\":[{\"@type\":\"ReadAction\",\"target\":[\"https:\\\/\\\/www.latribunedeplanas.com\\\/es\\\/\"]}]},{\"@type\":\"ImageObject\",\"inLanguage\":\"es\",\"@id\":\"https:\\\/\\\/www.latribunedeplanas.com\\\/es\\\/#primaryimage\",\"url\":\"https:\\\/\\\/www.latribunedeplanas.com\\\/wp-content\\\/uploads\\\/2018\\\/05\\\/favicon.jpg\",\"contentUrl\":\"https:\\\/\\\/www.latribunedeplanas.com\\\/wp-content\\\/uploads\\\/2018\\\/05\\\/favicon.jpg\",\"width\":512,\"height\":512},{\"@type\":\"BreadcrumbList\",\"@id\":\"https:\\\/\\\/www.latribunedeplanas.com\\\/es\\\/#breadcrumb\",\"itemListElement\":[{\"@type\":\"ListItem\",\"position\":1,\"name\":\"Accueil\",\"item\":\"https:\\\/\\\/www.latribunedeplanas.com\\\/es\\\/\"},{\"@type\":\"ListItem\",\"position\":2,\"name\":\"La Tribune de Planas, Pratdip\"}]},{\"@type\":\"WebSite\",\"@id\":\"https:\\\/\\\/www.latribunedeplanas.com\\\/es\\\/#website\",\"url\":\"https:\\\/\\\/www.latribunedeplanas.com\\\/es\\\/\",\"name\":\"La Tribune de Planas\",\"description\":\"Les Planes del Rei - Urbanizaci\u00f3n del municipio de Pratdip\",\"publisher\":{\"@id\":\"https:\\\/\\\/www.latribunedeplanas.com\\\/es\\\/#organization\"},\"potentialAction\":[{\"@type\":\"SearchAction\",\"target\":{\"@type\":\"EntryPoint\",\"urlTemplate\":\"https:\\\/\\\/www.latribunedeplanas.com\\\/es\\\/?s={search_term_string}\"},\"query-input\":{\"@type\":\"PropertyValueSpecification\",\"valueRequired\":true,\"valueName\":\"search_term_string\"}}],\"inLanguage\":\"es\"},{\"@type\":\"Organization\",\"@id\":\"https:\\\/\\\/www.latribunedeplanas.com\\\/es\\\/#organization\",\"name\":\"Vecinos de Planes del Rei (SOSPlanes)\",\"url\":\"https:\\\/\\\/www.latribunedeplanas.com\\\/es\\\/\",\"logo\":{\"@type\":\"ImageObject\",\"inLanguage\":\"es\",\"@id\":\"https:\\\/\\\/www.latribunedeplanas.com\\\/es\\\/#\\\/schema\\\/logo\\\/image\\\/\",\"url\":\"https:\\\/\\\/www.latribunedeplanas.com\\\/wp-content\\\/uploads\\\/2021\\\/11\\\/logo-sos-planas-0.png\",\"contentUrl\":\"https:\\\/\\\/www.latribunedeplanas.com\\\/wp-content\\\/uploads\\\/2021\\\/11\\\/logo-sos-planas-0.png\",\"width\":600,\"height\":400,\"caption\":\"Vecinos de Planes del Rei (SOSPlanes)\"},\"image\":{\"@id\":\"https:\\\/\\\/www.latribunedeplanas.com\\\/es\\\/#\\\/schema\\\/logo\\\/image\\\/\"},\"sameAs\":[\"https:\\\/\\\/www.facebook.com\\\/groups\\\/1220895301376005\\\/\",\"https:\\\/\\\/www.instagram.com\\\/lasplanasdelrey\\\/\"]}]}<\/script>\n<!-- \/ Yoast SEO plugin. -->","yoast_head_json":{"title":"Pratdip \u2013 Les Planes del Rei | La Tribune de Planas","description":"Pratdip: informaci\u00f3n clave sobre Les Planes del Rei, su situaci\u00f3n jur\u00eddica, servicios municipales y la labor de la asociaci\u00f3n SOS Planas","robots":{"index":"index","follow":"follow","max-snippet":"max-snippet:-1","max-image-preview":"max-image-preview:large","max-video-preview":"max-video-preview:-1"},"canonical":"https:\/\/www.latribunedeplanas.com\/es\/","og_locale":"es_ES","og_type":"article","og_title":"Pratdip \u2013 Les Planes del Rei | La Tribune de Planas","og_description":"Pratdip: informaci\u00f3n clave sobre Les Planes del Rei, su situaci\u00f3n jur\u00eddica, servicios municipales y la labor de la asociaci\u00f3n SOS Planas","og_url":"https:\/\/www.latribunedeplanas.com\/es\/","og_site_name":"La Tribune de Planas","article_publisher":"https:\/\/www.facebook.com\/groups\/1220895301376005\/","article_modified_time":"2025-12-15T17:04:24+00:00","og_image":[{"width":512,"height":512,"url":"https:\/\/www.latribunedeplanas.com\/wp-content\/uploads\/2018\/05\/cropped-favicon.jpg","type":"image\/jpeg"}],"twitter_card":"summary_large_image","twitter_misc":{"Tiempo de lectura":"17 minutos"},"schema":{"@context":"https:\/\/schema.org","@graph":[{"@type":"WebPage","@id":"https:\/\/www.latribunedeplanas.com\/es\/","url":"https:\/\/www.latribunedeplanas.com\/es\/","name":"Pratdip \u2013 Les Planes del Rei | La Tribune de Planas","isPartOf":{"@id":"https:\/\/www.latribunedeplanas.com\/es\/#website"},"primaryImageOfPage":{"@id":"https:\/\/www.latribunedeplanas.com\/es\/#primaryimage"},"image":{"@id":"https:\/\/www.latribunedeplanas.com\/es\/#primaryimage"},"thumbnailUrl":"https:\/\/www.latribunedeplanas.com\/wp-content\/uploads\/2018\/05\/favicon.jpg","datePublished":"2017-11-22T22:24:34+00:00","dateModified":"2025-12-15T17:04:24+00:00","description":"Pratdip: informaci\u00f3n clave sobre Les Planes del Rei, su situaci\u00f3n jur\u00eddica, servicios municipales y la labor de la asociaci\u00f3n SOS Planas","breadcrumb":{"@id":"https:\/\/www.latribunedeplanas.com\/es\/#breadcrumb"},"inLanguage":"es","potentialAction":[{"@type":"ReadAction","target":["https:\/\/www.latribunedeplanas.com\/es\/"]}]},{"@type":"ImageObject","inLanguage":"es","@id":"https:\/\/www.latribunedeplanas.com\/es\/#primaryimage","url":"https:\/\/www.latribunedeplanas.com\/wp-content\/uploads\/2018\/05\/favicon.jpg","contentUrl":"https:\/\/www.latribunedeplanas.com\/wp-content\/uploads\/2018\/05\/favicon.jpg","width":512,"height":512},{"@type":"BreadcrumbList","@id":"https:\/\/www.latribunedeplanas.com\/es\/#breadcrumb","itemListElement":[{"@type":"ListItem","position":1,"name":"Accueil","item":"https:\/\/www.latribunedeplanas.com\/es\/"},{"@type":"ListItem","position":2,"name":"La Tribune de Planas, Pratdip"}]},{"@type":"WebSite","@id":"https:\/\/www.latribunedeplanas.com\/es\/#website","url":"https:\/\/www.latribunedeplanas.com\/es\/","name":"La Tribune de Planas","description":"Les Planes del Rei - Urbanizaci\u00f3n del municipio de Pratdip","publisher":{"@id":"https:\/\/www.latribunedeplanas.com\/es\/#organization"},"potentialAction":[{"@type":"SearchAction","target":{"@type":"EntryPoint","urlTemplate":"https:\/\/www.latribunedeplanas.com\/es\/?s={search_term_string}"},"query-input":{"@type":"PropertyValueSpecification","valueRequired":true,"valueName":"search_term_string"}}],"inLanguage":"es"},{"@type":"Organization","@id":"https:\/\/www.latribunedeplanas.com\/es\/#organization","name":"Vecinos de Planes del Rei (SOSPlanes)","url":"https:\/\/www.latribunedeplanas.com\/es\/","logo":{"@type":"ImageObject","inLanguage":"es","@id":"https:\/\/www.latribunedeplanas.com\/es\/#\/schema\/logo\/image\/","url":"https:\/\/www.latribunedeplanas.com\/wp-content\/uploads\/2021\/11\/logo-sos-planas-0.png","contentUrl":"https:\/\/www.latribunedeplanas.com\/wp-content\/uploads\/2021\/11\/logo-sos-planas-0.png","width":600,"height":400,"caption":"Vecinos de Planes del Rei (SOSPlanes)"},"image":{"@id":"https:\/\/www.latribunedeplanas.com\/es\/#\/schema\/logo\/image\/"},"sameAs":["https:\/\/www.facebook.com\/groups\/1220895301376005\/","https:\/\/www.instagram.com\/lasplanasdelrey\/"]}]}},"_links":{"self":[{"href":"https:\/\/www.latribunedeplanas.com\/es\/wp-json\/wp\/v2\/pages\/5527","targetHints":{"allow":["GET"]}}],"collection":[{"href":"https:\/\/www.latribunedeplanas.com\/es\/wp-json\/wp\/v2\/pages"}],"about":[{"href":"https:\/\/www.latribunedeplanas.com\/es\/wp-json\/wp\/v2\/types\/page"}],"author":[{"embeddable":true,"href":"https:\/\/www.latribunedeplanas.com\/es\/wp-json\/wp\/v2\/users\/1"}],"replies":[{"embeddable":true,"href":"https:\/\/www.latribunedeplanas.com\/es\/wp-json\/wp\/v2\/comments?post=5527"}],"version-history":[{"count":7,"href":"https:\/\/www.latribunedeplanas.com\/es\/wp-json\/wp\/v2\/pages\/5527\/revisions"}],"predecessor-version":[{"id":30485,"href":"https:\/\/www.latribunedeplanas.com\/es\/wp-json\/wp\/v2\/pages\/5527\/revisions\/30485"}],"wp:featuredmedia":[{"embeddable":true,"href":"https:\/\/www.latribunedeplanas.com\/es\/wp-json\/wp\/v2\/media\/8501"}],"wp:attachment":[{"href":"https:\/\/www.latribunedeplanas.com\/es\/wp-json\/wp\/v2\/media?parent=5527"}],"curies":[{"name":"wp","href":"https:\/\/api.w.org\/{rel}","templated":true}]}}