{"id":18945,"date":"2021-05-10T12:48:39","date_gmt":"2021-05-10T10:48:39","guid":{"rendered":"https:\/\/www.latribunedeplanas.com\/demande-dadhesion\/"},"modified":"2025-08-29T13:38:04","modified_gmt":"2025-08-29T11:38:04","slug":"solicitud-de-adhesion","status":"publish","type":"page","link":"https:\/\/www.latribunedeplanas.com\/es\/solicitud-de-adhesion\/","title":{"rendered":"Unirse a la asociaci\u00f3n o renovar su cuota"},"content":{"rendered":"<p>[et_pb_section fb_built=\u00bb1&#8243; module_class=\u00bbsection-index\u00bb _builder_version=\u00bb4.16&#8243; module_alignment=\u00bbcenter\u00bb custom_margin=\u00bb0px|0px|0px|0px||true\u00bb custom_padding=\u00bb0px|0px|0px|0px|false\u00bb global_colors_info=\u00bb{}\u00bb][et_pb_row column_structure=\u00bb3_4,1_4&#8243; use_custom_gutter=\u00bbon\u00bb gutter_width=\u00bb1&#8243; disabled_on=\u00bboff|off|off\u00bb module_id=\u00bbligne-blog\u00bb module_class=\u00bbligne\u00bb _builder_version=\u00bb4.18.0&#8243; custom_margin=\u00bb90px||50px||false|false\u00bb custom_margin_tablet=\u00bb50px||||false|false\u00bb custom_margin_phone=\u00bb25px||0px||false|false\u00bb custom_margin_last_edited=\u00bbon|desktop\u00bb custom_padding=\u00bb0px||0px\u00bb use_custom_width=\u00bbon\u00bb width_unit=\u00bboff\u00bb global_colors_info=\u00bb{}\u00bb][et_pb_column type=\u00bb3_4&#8243; _builder_version=\u00bb4.16&#8243; custom_padding=\u00bb|||\u00bb global_colors_info=\u00bb{}\u00bb custom_padding__hover=\u00bb|||\u00bb][et_pb_text admin_label=\u00bbTitre\u00bb module_class=\u00bbtitre\u00bb _builder_version=\u00bb4.27.4&#8243; text_font=\u00bb|300|||||||\u00bb header_font=\u00bb|700|||||||\u00bb header_text_color=\u00bb#00397e\u00bb header_font_size=\u00bb32px\u00bb header_line_height=\u00bb1.1em\u00bb header_2_font=\u00bb|600|||||||\u00bb header_2_text_color=\u00bb#840303&#8243; header_2_font_size=\u00bb24px\u00bb header_2_line_height=\u00bb1.3em\u00bb header_3_font=\u00bb||||||||\u00bb header_3_font_size=\u00bb24px\u00bb header_3_line_height=\u00bb1.3em\u00bb header_4_font=\u00bb||||||||\u00bb header_4_text_align=\u00bbcenter\u00bb header_4_text_color=\u00bb#840303&#8243; header_4_font_size=\u00bb20px\u00bb header_5_font=\u00bb|600|||||||\u00bb header_5_text_color=\u00bb#840303&#8243; header_5_font_size=\u00bb20px\u00bb header_5_line_height=\u00bb1.7em\u00bb text_line_height_tablet=\u00bb\u00bb text_line_height_phone=\u00bb1.3em\u00bb text_line_height_last_edited=\u00bbon|desktop\u00bb header_font_size_tablet=\u00bb32px\u00bb header_font_size_phone=\u00bb28px\u00bb header_font_size_last_edited=\u00bbon|phone\u00bb header_2_font_size_tablet=\u00bb\u00bb header_2_font_size_phone=\u00bb23px\u00bb header_2_font_size_last_edited=\u00bbon|phone\u00bb header_2_line_height_phone=\u00bb1.3em\u00bb header_2_line_height_last_edited=\u00bboff|tablet\u00bb header_3_font_size_tablet=\u00bb\u00bb header_3_font_size_phone=\u00bb23px\u00bb header_3_font_size_last_edited=\u00bbon|phone\u00bb header_4_font_size_tablet=\u00bb\u00bb header_4_font_size_phone=\u00bb15px\u00bb header_4_font_size_last_edited=\u00bbon|phone\u00bb header_5_line_height_tablet=\u00bb\u00bb header_5_line_height_phone=\u00bb1.3em\u00bb header_5_line_height_last_edited=\u00bbon|phone\u00bb global_colors_info=\u00bb{}\u00bb]<\/p>\n<h1>Unirse a la asociaci\u00f3n o renovar su cuota<\/h1>\n<p>[\/et_pb_text][et_pb_text module_class=\u00bbtxt-page\u00bb _builder_version=\u00bb4.27.4&#8243; text_font=\u00bb|300|||||||\u00bb header_2_font=\u00bb|600|||||||\u00bb header_3_text_color=\u00bb#003978&#8243; custom_margin=\u00bb||||false|false\u00bb global_colors_info=\u00bb{}\u00bb]<\/p>\n<p>\u00bfDesea hacerse miembro de nuestra asociaci\u00f3n o pagar su cuota anual? Aqu\u00ed le explicamos c\u00f3mo hacerlo:<\/p>\n<h2>Pago en l\u00ednea (cuota anual \u2013 50\u202f\u20ac)<\/h2>\n<p>Ahora puede pagar su cuota directamente en l\u00ednea con tarjeta bancaria a trav\u00e9s de un formulario seguro (ver m\u00e1s abajo).<br \/>\nEl importe es de 50\u202f\u20ac para el a\u00f1o 2025.<\/p>\n<p>Una vez realizado el pago, recibir\u00e1 autom\u00e1ticamente un correo electr\u00f3nico de confirmaci\u00f3n. No olvide indicar su nombre y su direcci\u00f3n en Planas en el formulario de pago.<\/p>\n<p>[\/et_pb_text][et_pb_code _builder_version=\u00bb4.27.4&#8243; _module_preset=\u00bbdefault\u00bb custom_padding=\u00bb40px||40px||true|false\u00bb global_colors_info=\u00bb{}\u00bb]<!-- [et_pb_line_break_holder] --><!-- [et_pb_line_break_holder] --><\/p>\n<div style=\"max-width: 600px; margin: 0 auto; padding: 40px; background-color: #eeeeee; border-radius: 10px; box-shadow: 0 0 10px rgba(0,0,0,0.05); text-align: center;\"><!-- [et_pb_line_break_holder] -->  <\/p>\n<h2 style=\"font-size: 28px; margin-bottom: 20px;\">Pago de la cuota anual<\/h2>\n<p><!-- [et_pb_line_break_holder] -->  <pee style=\"font-size: 18px; margin-bottom: 25px;\"><!-- [et_pb_line_break_holder] -->    Le invitamos a pagar su <strong>cuota 2025<\/strong> a la Asociaci\u00f3n de Vecinos Les Planes del Rei (SOS Planas).<!\u2013- [et_pb_br_holder] -\u2013><!-- [et_pb_line_break_holder] -->    Importe: <strong>50,00 \u20ac<\/strong> \u2013 Pago seguro con tarjeta bancaria.<!-- [et_pb_line_break_holder] -->  <\/pee><!-- [et_pb_line_break_holder] --><!-- [et_pb_line_break_holder] -->  <div id=\"simpay-stripe_checkout-form-wrap-26169\" data-id=\"simpay-form-26169-wrap\" class=\"simpay-form-wrap simpay-stripe_checkout-form-wrap\"><form action=\"\" method=\"post\" class=\"simpay-checkout-form simpay-form-26169 simpay-styled\" id=\"simpay-form-26169\" data-simpay-form-id=\"26169\" ><div class=\"simpay-form-control\"><button id=\"2\" class=\"simpay-btn simpay-payment-btn stripe-button-el\"><span>Pague su cotizaci\u00f3n<\/span><\/button><\/div><div class=\"simpay-generic-error simpay-errors\" id=\"simpay-form-26169-error\" aria-live=\"assertive\" aria-relevant=\"additions text\" aria-atomic=\"true\"><\/div><input type=\"hidden\" name=\"simpay_form_id\" value=\"26169\" \/><input type=\"hidden\" name=\"simpay_amount\" value=\"\" class=\"simpay-amount\" \/><input type=\"hidden\" id=\"_wpnonce\" name=\"_wpnonce\" value=\"752a3b24d6\" \/><input type=\"hidden\" name=\"_wp_http_referer\" value=\"\/es\/wp-json\/wp\/v2\/pages\/18945\" \/><\/form><\/div><!-- [et_pb_line_break_holder] --><!-- [et_pb_line_break_holder] -->  <pee style=\"font-size: 13px; margin-top: 25px; color: #777;\"><!-- [et_pb_line_break_holder] -->    En caso de problema con el pago, cont\u00e1ctenos en <a href=\"mailto:https:\/\/www.latribunedeplanas.com\/es\/contacto\/\">contacto@latribunedeplanas.com<\/a><!-- [et_pb_line_break_holder] -->  <\/pee><!-- [et_pb_line_break_holder] --><!-- [et_pb_line_break_holder] -->  <pee style=\"font-size: 13px; margin-top: 10px; color: #999;\"><!-- [et_pb_line_break_holder] -->    Todas las transacciones est\u00e1n aseguradas a trav\u00e9s de Stripe.<!\u2013- [et_pb_br_holder] -\u2013><!-- [et_pb_line_break_holder] -->    No se conserva ning\u00fan dato bancario en nuestro sitio.<!-- [et_pb_line_break_holder] -->  <\/pee><!-- [et_pb_line_break_holder] --><\/div>\n<p>[\/et_pb_code][et_pb_text module_class=\u00bbtxt-page\u00bb _builder_version=\u00bb4.27.4&#8243; text_font=\u00bb|300|||||||\u00bb header_2_font=\u00bb|600|||||||\u00bb header_3_text_color=\u00bb#003978&#8243; custom_margin=\u00bb||||false|false\u00bb hover_enabled=\u00bb0&#8243; global_colors_info=\u00bb{}\u00bb sticky_enabled=\u00bb0&#8243;]<\/p>\n<h2>Pago por transferencia bancaria (alternativa)<\/h2>\n<p>Si prefiere realizar una transferencia bancaria, puede transferir 50\u202f\u20ac a la cuenta de la asociaci\u00f3n:<\/p>\n<p class=\"accentue\">Datos bancarios<\/p>\n<ul>\n<li><strong>Titular de la cuenta:<\/strong> Fr\u00e9d\u00e9rique Burgos (Tesorera)<\/li>\n<li><strong>IBAN :<\/strong> ES54 1583 0001 1790 2884 4320<\/li>\n<li><strong>BIC :<\/strong> REVOESM2<\/li>\n<\/ul>\n<p>Importante: no olvide indicar sus datos en el concepto de la transferencia. Recibir\u00e1 un bolet\u00edn de actualizaci\u00f3n por correo electr\u00f3nico.<\/p>\n<h2>Apoyar nuestra causa con una donaci\u00f3n<\/h2>\n<p>Si desea apoyar nuestra causa sin hacerse miembro, puede realizar una donaci\u00f3n libre por el importe que elija a la misma cuenta.<\/p>\n<p>Para una donaci\u00f3n an\u00f3nima, simplemente indique \u00ab\u202fan\u00f3nimo\u202f\u00bb en el concepto de la transferencia.[\/et_pb_text][\/et_pb_column][et_pb_column type=\u00bb1_4&#8243; _builder_version=\u00bb4.16&#8243; custom_padding=\u00bb|||\u00bb global_colors_info=\u00bb{}\u00bb custom_padding__hover=\u00bb|||\u00bb][et_pb_sidebar area=\u00bbsidebar-1&#8243; show_border=\u00bboff\u00bb disabled_on=\u00bboff|off|off\u00bb module_class=\u00bbsidebar\u00bb _builder_version=\u00bb4.16&#8243; custom_margin_tablet=\u00bb30px||||false|false\u00bb custom_margin_phone=\u00bb20px||||false|false\u00bb custom_margin_last_edited=\u00bbon|phone\u00bb custom_padding=\u00bb||||false|true\u00bb border_width_all=\u00bb1px\u00bb border_color_all=\u00bb#00397e\u00bb global_colors_info=\u00bb{}\u00bb][\/et_pb_sidebar][\/et_pb_column][\/et_pb_row][\/et_pb_section]<\/p>\n","protected":false},"excerpt":{"rendered":"<p>Unirse a la asociaci\u00f3n o renovar su cuota\u00bfDesea hacerse miembro de nuestra asociaci\u00f3n o pagar su cuota anual? Aqu\u00ed le explicamos c\u00f3mo hacerlo: Pago en l\u00ednea (cuota anual \u2013 50\u202f\u20ac) Ahora puede pagar su cuota directamente en l\u00ednea con tarjeta bancaria a trav\u00e9s de un formulario seguro (ver m\u00e1s abajo). El importe es de 50\u202f\u20ac [&hellip;]<\/p>\n","protected":false},"author":1,"featured_media":0,"parent":0,"menu_order":0,"comment_status":"closed","ping_status":"closed","template":"","meta":{"_et_pb_use_builder":"on","_et_pb_old_content":"","_et_gb_content_width":"","footnotes":""},"class_list":["post-18945","page","type-page","status-publish","hentry"],"yoast_head":"<!-- This site is optimized with the Yoast SEO plugin v27.6 - https:\/\/yoast.com\/product\/yoast-seo-wordpress\/ -->\n<title>Unirse a la asociaci\u00f3n o renovar su cuota - La Tribune de Planas<\/title>\n<meta name=\"description\" content=\"\u00danase a nuestra asociaci\u00f3n o apoye con una donaci\u00f3n. Cuota anual 50\u202f\u20ac. Pago por transferencia, o en l\u00ednea con Stripe.\" \/>\n<meta name=\"robots\" content=\"index, follow, max-snippet:-1, max-image-preview:large, max-video-preview:-1\" \/>\n<link rel=\"canonical\" href=\"https:\/\/www.latribunedeplanas.com\/es\/solicitud-de-adhesion\/\" \/>\n<meta property=\"og:locale\" content=\"es_ES\" \/>\n<meta property=\"og:type\" content=\"article\" \/>\n<meta property=\"og:title\" content=\"Unirse a la asociaci\u00f3n o renovar su cuota - La Tribune de Planas\" \/>\n<meta property=\"og:description\" content=\"\u00danase a nuestra asociaci\u00f3n o apoye con una donaci\u00f3n. Cuota anual 50\u202f\u20ac. Pago por transferencia, o en l\u00ednea con Stripe.\" \/>\n<meta property=\"og:url\" content=\"https:\/\/www.latribunedeplanas.com\/es\/solicitud-de-adhesion\/\" \/>\n<meta property=\"og:site_name\" content=\"La Tribune de Planas\" \/>\n<meta property=\"article:publisher\" content=\"https:\/\/www.facebook.com\/groups\/1220895301376005\/\" \/>\n<meta property=\"article:modified_time\" content=\"2025-08-29T11:38:04+00:00\" \/>\n<meta name=\"twitter:card\" content=\"summary_large_image\" \/>\n<meta name=\"twitter:label1\" content=\"Tiempo de lectura\" \/>\n\t<meta name=\"twitter:data1\" content=\"8 minutos\" \/>\n<script type=\"application\/ld+json\" class=\"yoast-schema-graph\">{\"@context\":\"https:\\\/\\\/schema.org\",\"@graph\":[{\"@type\":\"WebPage\",\"@id\":\"https:\\\/\\\/www.latribunedeplanas.com\\\/es\\\/solicitud-de-adhesion\\\/\",\"url\":\"https:\\\/\\\/www.latribunedeplanas.com\\\/es\\\/solicitud-de-adhesion\\\/\",\"name\":\"Unirse a la asociaci\u00f3n o renovar su cuota - La Tribune de Planas\",\"isPartOf\":{\"@id\":\"https:\\\/\\\/www.latribunedeplanas.com\\\/es\\\/#website\"},\"datePublished\":\"2021-05-10T10:48:39+00:00\",\"dateModified\":\"2025-08-29T11:38:04+00:00\",\"description\":\"\u00danase a nuestra asociaci\u00f3n o apoye con una donaci\u00f3n. Cuota anual 50\u202f\u20ac. Pago por transferencia, o en l\u00ednea con Stripe.\",\"breadcrumb\":{\"@id\":\"https:\\\/\\\/www.latribunedeplanas.com\\\/es\\\/solicitud-de-adhesion\\\/#breadcrumb\"},\"inLanguage\":\"es\",\"potentialAction\":[{\"@type\":\"ReadAction\",\"target\":[\"https:\\\/\\\/www.latribunedeplanas.com\\\/es\\\/solicitud-de-adhesion\\\/\"]}]},{\"@type\":\"BreadcrumbList\",\"@id\":\"https:\\\/\\\/www.latribunedeplanas.com\\\/es\\\/solicitud-de-adhesion\\\/#breadcrumb\",\"itemListElement\":[{\"@type\":\"ListItem\",\"position\":1,\"name\":\"Accueil\",\"item\":\"https:\\\/\\\/www.latribunedeplanas.com\\\/es\\\/\"},{\"@type\":\"ListItem\",\"position\":2,\"name\":\"Unirse a la asociaci\u00f3n o renovar su cuota\"}]},{\"@type\":\"WebSite\",\"@id\":\"https:\\\/\\\/www.latribunedeplanas.com\\\/es\\\/#website\",\"url\":\"https:\\\/\\\/www.latribunedeplanas.com\\\/es\\\/\",\"name\":\"La Tribune de Planas\",\"description\":\"Les Planes del Rei - Urbanizaci\u00f3n del municipio de Pratdip\",\"publisher\":{\"@id\":\"https:\\\/\\\/www.latribunedeplanas.com\\\/es\\\/#organization\"},\"potentialAction\":[{\"@type\":\"SearchAction\",\"target\":{\"@type\":\"EntryPoint\",\"urlTemplate\":\"https:\\\/\\\/www.latribunedeplanas.com\\\/es\\\/?s={search_term_string}\"},\"query-input\":{\"@type\":\"PropertyValueSpecification\",\"valueRequired\":true,\"valueName\":\"search_term_string\"}}],\"inLanguage\":\"es\"},{\"@type\":\"Organization\",\"@id\":\"https:\\\/\\\/www.latribunedeplanas.com\\\/es\\\/#organization\",\"name\":\"Vecinos de Planes del Rei (SOSPlanes)\",\"url\":\"https:\\\/\\\/www.latribunedeplanas.com\\\/es\\\/\",\"logo\":{\"@type\":\"ImageObject\",\"inLanguage\":\"es\",\"@id\":\"https:\\\/\\\/www.latribunedeplanas.com\\\/es\\\/#\\\/schema\\\/logo\\\/image\\\/\",\"url\":\"https:\\\/\\\/www.latribunedeplanas.com\\\/wp-content\\\/uploads\\\/2021\\\/11\\\/logo-sos-planas-0.png\",\"contentUrl\":\"https:\\\/\\\/www.latribunedeplanas.com\\\/wp-content\\\/uploads\\\/2021\\\/11\\\/logo-sos-planas-0.png\",\"width\":600,\"height\":400,\"caption\":\"Vecinos de Planes del Rei (SOSPlanes)\"},\"image\":{\"@id\":\"https:\\\/\\\/www.latribunedeplanas.com\\\/es\\\/#\\\/schema\\\/logo\\\/image\\\/\"},\"sameAs\":[\"https:\\\/\\\/www.facebook.com\\\/groups\\\/1220895301376005\\\/\",\"https:\\\/\\\/www.instagram.com\\\/lasplanasdelrey\\\/\"]}]}<\/script>\n<!-- \/ Yoast SEO plugin. -->","yoast_head_json":{"title":"Unirse a la asociaci\u00f3n o renovar su cuota - La Tribune de Planas","description":"\u00danase a nuestra asociaci\u00f3n o apoye con una donaci\u00f3n. Cuota anual 50\u202f\u20ac. Pago por transferencia, o en l\u00ednea con Stripe.","robots":{"index":"index","follow":"follow","max-snippet":"max-snippet:-1","max-image-preview":"max-image-preview:large","max-video-preview":"max-video-preview:-1"},"canonical":"https:\/\/www.latribunedeplanas.com\/es\/solicitud-de-adhesion\/","og_locale":"es_ES","og_type":"article","og_title":"Unirse a la asociaci\u00f3n o renovar su cuota - La Tribune de Planas","og_description":"\u00danase a nuestra asociaci\u00f3n o apoye con una donaci\u00f3n. Cuota anual 50\u202f\u20ac. Pago por transferencia, o en l\u00ednea con Stripe.","og_url":"https:\/\/www.latribunedeplanas.com\/es\/solicitud-de-adhesion\/","og_site_name":"La Tribune de Planas","article_publisher":"https:\/\/www.facebook.com\/groups\/1220895301376005\/","article_modified_time":"2025-08-29T11:38:04+00:00","twitter_card":"summary_large_image","twitter_misc":{"Tiempo de lectura":"8 minutos"},"schema":{"@context":"https:\/\/schema.org","@graph":[{"@type":"WebPage","@id":"https:\/\/www.latribunedeplanas.com\/es\/solicitud-de-adhesion\/","url":"https:\/\/www.latribunedeplanas.com\/es\/solicitud-de-adhesion\/","name":"Unirse a la asociaci\u00f3n o renovar su cuota - La Tribune de Planas","isPartOf":{"@id":"https:\/\/www.latribunedeplanas.com\/es\/#website"},"datePublished":"2021-05-10T10:48:39+00:00","dateModified":"2025-08-29T11:38:04+00:00","description":"\u00danase a nuestra asociaci\u00f3n o apoye con una donaci\u00f3n. Cuota anual 50\u202f\u20ac. Pago por transferencia, o en l\u00ednea con Stripe.","breadcrumb":{"@id":"https:\/\/www.latribunedeplanas.com\/es\/solicitud-de-adhesion\/#breadcrumb"},"inLanguage":"es","potentialAction":[{"@type":"ReadAction","target":["https:\/\/www.latribunedeplanas.com\/es\/solicitud-de-adhesion\/"]}]},{"@type":"BreadcrumbList","@id":"https:\/\/www.latribunedeplanas.com\/es\/solicitud-de-adhesion\/#breadcrumb","itemListElement":[{"@type":"ListItem","position":1,"name":"Accueil","item":"https:\/\/www.latribunedeplanas.com\/es\/"},{"@type":"ListItem","position":2,"name":"Unirse a la asociaci\u00f3n o renovar su cuota"}]},{"@type":"WebSite","@id":"https:\/\/www.latribunedeplanas.com\/es\/#website","url":"https:\/\/www.latribunedeplanas.com\/es\/","name":"La Tribune de Planas","description":"Les Planes del Rei - Urbanizaci\u00f3n del municipio de Pratdip","publisher":{"@id":"https:\/\/www.latribunedeplanas.com\/es\/#organization"},"potentialAction":[{"@type":"SearchAction","target":{"@type":"EntryPoint","urlTemplate":"https:\/\/www.latribunedeplanas.com\/es\/?s={search_term_string}"},"query-input":{"@type":"PropertyValueSpecification","valueRequired":true,"valueName":"search_term_string"}}],"inLanguage":"es"},{"@type":"Organization","@id":"https:\/\/www.latribunedeplanas.com\/es\/#organization","name":"Vecinos de Planes del Rei (SOSPlanes)","url":"https:\/\/www.latribunedeplanas.com\/es\/","logo":{"@type":"ImageObject","inLanguage":"es","@id":"https:\/\/www.latribunedeplanas.com\/es\/#\/schema\/logo\/image\/","url":"https:\/\/www.latribunedeplanas.com\/wp-content\/uploads\/2021\/11\/logo-sos-planas-0.png","contentUrl":"https:\/\/www.latribunedeplanas.com\/wp-content\/uploads\/2021\/11\/logo-sos-planas-0.png","width":600,"height":400,"caption":"Vecinos de Planes del Rei (SOSPlanes)"},"image":{"@id":"https:\/\/www.latribunedeplanas.com\/es\/#\/schema\/logo\/image\/"},"sameAs":["https:\/\/www.facebook.com\/groups\/1220895301376005\/","https:\/\/www.instagram.com\/lasplanasdelrey\/"]}]}},"_links":{"self":[{"href":"https:\/\/www.latribunedeplanas.com\/es\/wp-json\/wp\/v2\/pages\/18945","targetHints":{"allow":["GET"]}}],"collection":[{"href":"https:\/\/www.latribunedeplanas.com\/es\/wp-json\/wp\/v2\/pages"}],"about":[{"href":"https:\/\/www.latribunedeplanas.com\/es\/wp-json\/wp\/v2\/types\/page"}],"author":[{"embeddable":true,"href":"https:\/\/www.latribunedeplanas.com\/es\/wp-json\/wp\/v2\/users\/1"}],"replies":[{"embeddable":true,"href":"https:\/\/www.latribunedeplanas.com\/es\/wp-json\/wp\/v2\/comments?post=18945"}],"version-history":[{"count":9,"href":"https:\/\/www.latribunedeplanas.com\/es\/wp-json\/wp\/v2\/pages\/18945\/revisions"}],"predecessor-version":[{"id":29337,"href":"https:\/\/www.latribunedeplanas.com\/es\/wp-json\/wp\/v2\/pages\/18945\/revisions\/29337"}],"wp:attachment":[{"href":"https:\/\/www.latribunedeplanas.com\/es\/wp-json\/wp\/v2\/media?parent=18945"}],"curies":[{"name":"wp","href":"https:\/\/api.w.org\/{rel}","templated":true}]}}