{"id":17552,"date":"2021-04-03T00:33:20","date_gmt":"2021-04-02T22:33:20","guid":{"rendered":"https:\/\/www.latribunedeplanas.com\/contact\/"},"modified":"2025-12-15T18:18:54","modified_gmt":"2025-12-15T17:18:54","slug":"contacto","status":"publish","type":"page","link":"https:\/\/www.latribunedeplanas.com\/es\/contacto\/","title":{"rendered":"Contacto"},"content":{"rendered":"<p>[et_pb_section fb_built=\u00bb1&#8243; module_class=\u00bbsection-index\u00bb _builder_version=\u00bb4.16&#8243; module_alignment=\u00bbcenter\u00bb custom_margin=\u00bb0px|0px|0px|0px||true\u00bb custom_padding=\u00bb0px|0px|0px|0px|false\u00bb global_colors_info=\u00bb{}\u00bb][et_pb_row column_structure=\u00bb3_4,1_4&#8243; use_custom_gutter=\u00bbon\u00bb gutter_width=\u00bb1&#8243; disabled_on=\u00bboff|off|off\u00bb module_id=\u00bbligne-blog\u00bb module_class=\u00bbligne\u00bb _builder_version=\u00bb4.18.0&#8243; custom_margin=\u00bb90px||50px||false|false\u00bb custom_margin_tablet=\u00bb50px||||false|false\u00bb custom_margin_phone=\u00bb25px||0px||false|false\u00bb custom_margin_last_edited=\u00bbon|desktop\u00bb custom_padding=\u00bb0px||0px\u00bb use_custom_width=\u00bbon\u00bb width_unit=\u00bboff\u00bb global_colors_info=\u00bb{}\u00bb][et_pb_column type=\u00bb3_4&#8243; _builder_version=\u00bb4.16&#8243; custom_padding=\u00bb|||\u00bb global_colors_info=\u00bb{}\u00bb custom_padding__hover=\u00bb|||\u00bb][et_pb_text admin_label=\u00bbTitre\u00bb module_class=\u00bbtxt-article\u00bb _builder_version=\u00bb4.27.4&#8243; text_font=\u00bb|300|||||||\u00bb header_font=\u00bb|700|||||||\u00bb header_text_color=\u00bb#00397e\u00bb header_2_font=\u00bb|600|||||||\u00bb header_2_text_color=\u00bb#840303&#8243; header_2_font_size=\u00bb24px\u00bb header_2_line_height=\u00bb1.3em\u00bb header_3_font=\u00bb||||||||\u00bb header_3_font_size=\u00bb24px\u00bb header_3_line_height=\u00bb1.3em\u00bb header_4_font=\u00bb||||||||\u00bb header_4_text_align=\u00bbcenter\u00bb header_4_text_color=\u00bb#840303&#8243; header_4_font_size=\u00bb20px\u00bb header_5_font=\u00bb|600|||||||\u00bb header_5_text_color=\u00bb#840303&#8243; header_5_font_size=\u00bb20px\u00bb header_5_line_height=\u00bb1.7em\u00bb text_line_height_tablet=\u00bb\u00bb text_line_height_phone=\u00bb1.3em\u00bb text_line_height_last_edited=\u00bbon|desktop\u00bb header_font_size_tablet=\u00bb\u00bb header_font_size_phone=\u00bb21px\u00bb header_font_size_last_edited=\u00bbon|phone\u00bb header_2_font_size_tablet=\u00bb\u00bb header_2_font_size_phone=\u00bb23px\u00bb header_2_font_size_last_edited=\u00bbon|phone\u00bb header_3_font_size_tablet=\u00bb\u00bb header_3_font_size_phone=\u00bb23px\u00bb header_3_font_size_last_edited=\u00bbon|phone\u00bb header_4_font_size_tablet=\u00bb\u00bb header_4_font_size_phone=\u00bb15px\u00bb header_4_font_size_last_edited=\u00bbon|phone\u00bb header_5_line_height_tablet=\u00bb\u00bb header_5_line_height_phone=\u00bb1.3em\u00bb header_5_line_height_last_edited=\u00bbon|phone\u00bb global_colors_info=\u00bb{}\u00bb]<\/p>\n<h1>\u00bfUna pregunta, un comentario, una solicitud de informaci\u00f3n?<\/h1>\n<p>No dude en escribirnos a trav\u00e9s del formulario que aparece a continuaci\u00f3n.<br \/>\nNos comprometemos a responderle a la mayor brevedad posible.[\/et_pb_text][et_pb_contact_form use_spam_service=\u00bbon\u00bb recaptcha_list=\u00bbLa Tribune-0&#8243; email=\u00bbcontact@latribunedeplanas.com\u00bb custom_message=\u00bbLa Tribune: Contact ES||et_pb_line_break_holder||||et_pb_line_break_holder||Nombre: %%nombre%%||et_pb_line_break_holder||Apellido: %%apellido%%||et_pb_line_break_holder||Correo electr\u00f3nico: %%email%%||et_pb_line_break_holder||Telefono: %%telefono%%||et_pb_line_break_holder||Direcci\u00f3n: %%direccion%%||et_pb_line_break_holder||Codigo postal: %%codigo_postal%%||et_pb_line_break_holder||Ciudad: %%ciudad%%||et_pb_line_break_holder||Mensaje: %%mensaje%%\u00bb use_redirect=\u00bbon\u00bb success_message=\u00bbSu mensaje ha sido enviado. Responderemos lo antes posible.\u00bb submit_button_text=\u00bbEnviar\u00bb _builder_version=\u00bb4.16&#8243; _unique_id=\u00bb755585cb-a495-4f0f-836b-4a449c3c7e15&#8243; form_field_background_color=\u00bbRGBA(0,0,0,0)\u00bb form_field_focus_text_color=\u00bb#000000&#8243; custom_button=\u00bbon\u00bb button_border_width=\u00bb1&#8243; button_border_color=\u00bb#00397e\u00bb button_icon=\u00bb&#xe010;||divi||400&#8243; button_icon_color=\u00bb#00397e\u00bb button_custom_margin=\u00bb15px||||false|false\u00bb button_custom_padding=\u00bb8px|30px|8px|30px|true|true\u00bb custom_margin=\u00bb0px||0px|\u00bb custom_padding=\u00bb40px|15px|40px||false|false\u00bb custom_css_contact_title=\u00bbpadding-bottom:40px;color:#003978; font-size:22px;\u00bb custom_css_contact_button=\u00bbpadding-top:2px;\u00bb border_width_bottom=\u00bb1px\u00bb form_background_color=\u00bb#d7d7d7&#8243; global_colors_info=\u00bb{}\u00bb][et_pb_contact_field field_id=\u00bbnombre\u00bb field_title=\u00bbNombre\u00bb _builder_version=\u00bb4.16&#8243; global_colors_info=\u00bb{}\u00bb button_text_size__hover_enabled=\u00bboff\u00bb button_one_text_size__hover_enabled=\u00bboff\u00bb button_two_text_size__hover_enabled=\u00bboff\u00bb button_text_color__hover_enabled=\u00bboff\u00bb button_one_text_color__hover_enabled=\u00bboff\u00bb button_two_text_color__hover_enabled=\u00bboff\u00bb button_border_width__hover_enabled=\u00bboff\u00bb button_one_border_width__hover_enabled=\u00bboff\u00bb button_two_border_width__hover_enabled=\u00bboff\u00bb button_border_color__hover_enabled=\u00bboff\u00bb button_one_border_color__hover_enabled=\u00bboff\u00bb button_two_border_color__hover_enabled=\u00bboff\u00bb button_border_radius__hover_enabled=\u00bboff\u00bb button_one_border_radius__hover_enabled=\u00bboff\u00bb button_two_border_radius__hover_enabled=\u00bboff\u00bb button_letter_spacing__hover_enabled=\u00bboff\u00bb button_one_letter_spacing__hover_enabled=\u00bboff\u00bb button_two_letter_spacing__hover_enabled=\u00bboff\u00bb button_bg_color__hover_enabled=\u00bboff\u00bb button_one_bg_color__hover_enabled=\u00bboff\u00bb button_two_bg_color__hover_enabled=\u00bboff\u00bb][\/et_pb_contact_field][et_pb_contact_field field_id=\u00bbapellido\u00bb field_title=\u00bbApellido\u00bb _builder_version=\u00bb4.16&#8243; global_colors_info=\u00bb{}\u00bb button_text_size__hover_enabled=\u00bboff\u00bb button_one_text_size__hover_enabled=\u00bboff\u00bb button_two_text_size__hover_enabled=\u00bboff\u00bb button_text_color__hover_enabled=\u00bboff\u00bb button_one_text_color__hover_enabled=\u00bboff\u00bb button_two_text_color__hover_enabled=\u00bboff\u00bb button_border_width__hover_enabled=\u00bboff\u00bb button_one_border_width__hover_enabled=\u00bboff\u00bb button_two_border_width__hover_enabled=\u00bboff\u00bb button_border_color__hover_enabled=\u00bboff\u00bb button_one_border_color__hover_enabled=\u00bboff\u00bb button_two_border_color__hover_enabled=\u00bboff\u00bb button_border_radius__hover_enabled=\u00bboff\u00bb button_one_border_radius__hover_enabled=\u00bboff\u00bb button_two_border_radius__hover_enabled=\u00bboff\u00bb button_letter_spacing__hover_enabled=\u00bboff\u00bb button_one_letter_spacing__hover_enabled=\u00bboff\u00bb button_two_letter_spacing__hover_enabled=\u00bboff\u00bb button_bg_color__hover_enabled=\u00bboff\u00bb button_one_bg_color__hover_enabled=\u00bboff\u00bb button_two_bg_color__hover_enabled=\u00bboff\u00bb][\/et_pb_contact_field][et_pb_contact_field field_id=\u00bbemail\u00bb field_title=\u00bbCorreo electr\u00f3nico\u00bb field_type=\u00bbemail\u00bb _builder_version=\u00bb4.16&#8243; global_colors_info=\u00bb{}\u00bb button_text_size__hover_enabled=\u00bboff\u00bb button_one_text_size__hover_enabled=\u00bboff\u00bb button_two_text_size__hover_enabled=\u00bboff\u00bb button_text_color__hover_enabled=\u00bboff\u00bb button_one_text_color__hover_enabled=\u00bboff\u00bb button_two_text_color__hover_enabled=\u00bboff\u00bb button_border_width__hover_enabled=\u00bboff\u00bb button_one_border_width__hover_enabled=\u00bboff\u00bb button_two_border_width__hover_enabled=\u00bboff\u00bb button_border_color__hover_enabled=\u00bboff\u00bb button_one_border_color__hover_enabled=\u00bboff\u00bb button_two_border_color__hover_enabled=\u00bboff\u00bb button_border_radius__hover_enabled=\u00bboff\u00bb button_one_border_radius__hover_enabled=\u00bboff\u00bb button_two_border_radius__hover_enabled=\u00bboff\u00bb button_letter_spacing__hover_enabled=\u00bboff\u00bb button_one_letter_spacing__hover_enabled=\u00bboff\u00bb button_two_letter_spacing__hover_enabled=\u00bboff\u00bb button_bg_color__hover_enabled=\u00bboff\u00bb button_one_bg_color__hover_enabled=\u00bboff\u00bb button_two_bg_color__hover_enabled=\u00bboff\u00bb][\/et_pb_contact_field][et_pb_contact_field field_id=\u00bbtelefono\u00bb field_title=\u00bbTelefono\u00bb required_mark=\u00bboff\u00bb _builder_version=\u00bb4.16&#8243; global_colors_info=\u00bb{}\u00bb button_text_size__hover_enabled=\u00bboff\u00bb button_one_text_size__hover_enabled=\u00bboff\u00bb button_two_text_size__hover_enabled=\u00bboff\u00bb button_text_color__hover_enabled=\u00bboff\u00bb button_one_text_color__hover_enabled=\u00bboff\u00bb button_two_text_color__hover_enabled=\u00bboff\u00bb button_border_width__hover_enabled=\u00bboff\u00bb button_one_border_width__hover_enabled=\u00bboff\u00bb button_two_border_width__hover_enabled=\u00bboff\u00bb button_border_color__hover_enabled=\u00bboff\u00bb button_one_border_color__hover_enabled=\u00bboff\u00bb button_two_border_color__hover_enabled=\u00bboff\u00bb button_border_radius__hover_enabled=\u00bboff\u00bb button_one_border_radius__hover_enabled=\u00bboff\u00bb button_two_border_radius__hover_enabled=\u00bboff\u00bb button_letter_spacing__hover_enabled=\u00bboff\u00bb button_one_letter_spacing__hover_enabled=\u00bboff\u00bb button_two_letter_spacing__hover_enabled=\u00bboff\u00bb button_bg_color__hover_enabled=\u00bboff\u00bb button_one_bg_color__hover_enabled=\u00bboff\u00bb button_two_bg_color__hover_enabled=\u00bboff\u00bb][\/et_pb_contact_field][et_pb_contact_field field_id=\u00bbdireccion\u00bb field_title=\u00bbDirecci\u00f3n\u00bb fullwidth_field=\u00bbon\u00bb _builder_version=\u00bb4.16&#8243; global_colors_info=\u00bb{}\u00bb button_text_size__hover_enabled=\u00bboff\u00bb button_one_text_size__hover_enabled=\u00bboff\u00bb button_two_text_size__hover_enabled=\u00bboff\u00bb button_text_color__hover_enabled=\u00bboff\u00bb button_one_text_color__hover_enabled=\u00bboff\u00bb button_two_text_color__hover_enabled=\u00bboff\u00bb button_border_width__hover_enabled=\u00bboff\u00bb button_one_border_width__hover_enabled=\u00bboff\u00bb button_two_border_width__hover_enabled=\u00bboff\u00bb button_border_color__hover_enabled=\u00bboff\u00bb button_one_border_color__hover_enabled=\u00bboff\u00bb button_two_border_color__hover_enabled=\u00bboff\u00bb button_border_radius__hover_enabled=\u00bboff\u00bb button_one_border_radius__hover_enabled=\u00bboff\u00bb button_two_border_radius__hover_enabled=\u00bboff\u00bb button_letter_spacing__hover_enabled=\u00bboff\u00bb button_one_letter_spacing__hover_enabled=\u00bboff\u00bb button_two_letter_spacing__hover_enabled=\u00bboff\u00bb button_bg_color__hover_enabled=\u00bboff\u00bb button_one_bg_color__hover_enabled=\u00bboff\u00bb button_two_bg_color__hover_enabled=\u00bboff\u00bb][\/et_pb_contact_field][et_pb_contact_field field_id=\u00bbcodigo_postal\u00bb field_title=\u00bbC\u00f3digo postal\u00bb _builder_version=\u00bb4.16&#8243; global_colors_info=\u00bb{}\u00bb button_text_size__hover_enabled=\u00bboff\u00bb button_one_text_size__hover_enabled=\u00bboff\u00bb button_two_text_size__hover_enabled=\u00bboff\u00bb button_text_color__hover_enabled=\u00bboff\u00bb button_one_text_color__hover_enabled=\u00bboff\u00bb button_two_text_color__hover_enabled=\u00bboff\u00bb button_border_width__hover_enabled=\u00bboff\u00bb button_one_border_width__hover_enabled=\u00bboff\u00bb button_two_border_width__hover_enabled=\u00bboff\u00bb button_border_color__hover_enabled=\u00bboff\u00bb button_one_border_color__hover_enabled=\u00bboff\u00bb button_two_border_color__hover_enabled=\u00bboff\u00bb button_border_radius__hover_enabled=\u00bboff\u00bb button_one_border_radius__hover_enabled=\u00bboff\u00bb button_two_border_radius__hover_enabled=\u00bboff\u00bb button_letter_spacing__hover_enabled=\u00bboff\u00bb button_one_letter_spacing__hover_enabled=\u00bboff\u00bb button_two_letter_spacing__hover_enabled=\u00bboff\u00bb button_bg_color__hover_enabled=\u00bboff\u00bb button_one_bg_color__hover_enabled=\u00bboff\u00bb button_two_bg_color__hover_enabled=\u00bboff\u00bb][\/et_pb_contact_field][et_pb_contact_field field_id=\u00bbciudad\u00bb field_title=\u00bbCiudad\u00bb _builder_version=\u00bb4.16&#8243; global_colors_info=\u00bb{}\u00bb button_text_size__hover_enabled=\u00bboff\u00bb button_one_text_size__hover_enabled=\u00bboff\u00bb button_two_text_size__hover_enabled=\u00bboff\u00bb button_text_color__hover_enabled=\u00bboff\u00bb button_one_text_color__hover_enabled=\u00bboff\u00bb button_two_text_color__hover_enabled=\u00bboff\u00bb button_border_width__hover_enabled=\u00bboff\u00bb button_one_border_width__hover_enabled=\u00bboff\u00bb button_two_border_width__hover_enabled=\u00bboff\u00bb button_border_color__hover_enabled=\u00bboff\u00bb button_one_border_color__hover_enabled=\u00bboff\u00bb button_two_border_color__hover_enabled=\u00bboff\u00bb button_border_radius__hover_enabled=\u00bboff\u00bb button_one_border_radius__hover_enabled=\u00bboff\u00bb button_two_border_radius__hover_enabled=\u00bboff\u00bb button_letter_spacing__hover_enabled=\u00bboff\u00bb button_one_letter_spacing__hover_enabled=\u00bboff\u00bb button_two_letter_spacing__hover_enabled=\u00bboff\u00bb button_bg_color__hover_enabled=\u00bboff\u00bb button_one_bg_color__hover_enabled=\u00bboff\u00bb button_two_bg_color__hover_enabled=\u00bboff\u00bb][\/et_pb_contact_field][et_pb_contact_field field_id=\u00bbmensaje\u00bb field_title=\u00bbMensaje\u00bb fullwidth_field=\u00bbon\u00bb _builder_version=\u00bb4.16&#8243; _module_preset=\u00bbdefault\u00bb global_colors_info=\u00bb{}\u00bb][\/et_pb_contact_field][\/et_pb_contact_form][et_pb_text admin_label=\u00bbTexte\u00bb module_class=\u00bbtxt-article\u00bb _builder_version=\u00bb4.16&#8243; text_font=\u00bb|300|||||||\u00bb header_font=\u00bb|700|||||||\u00bb header_text_color=\u00bb#00397e\u00bb header_font_size=\u00bb32px\u00bb header_2_font=\u00bb|600|||||||\u00bb header_2_text_color=\u00bb#840303&#8243; header_2_font_size=\u00bb24px\u00bb header_2_line_height=\u00bb1.3em\u00bb header_3_font=\u00bb||||||||\u00bb header_3_font_size=\u00bb24px\u00bb header_3_line_height=\u00bb1.3em\u00bb header_4_font=\u00bb||||||||\u00bb header_4_text_align=\u00bbcenter\u00bb header_4_text_color=\u00bb#840303&#8243; header_4_font_size=\u00bb20px\u00bb header_5_font=\u00bb|600|||||||\u00bb header_5_text_color=\u00bb#840303&#8243; header_5_font_size=\u00bb20px\u00bb header_5_line_height=\u00bb1.7em\u00bb text_line_height_tablet=\u00bb\u00bb text_line_height_phone=\u00bb1.3em\u00bb text_line_height_last_edited=\u00bbon|desktop\u00bb header_2_font_size_tablet=\u00bb\u00bb header_2_font_size_phone=\u00bb23px\u00bb header_2_font_size_last_edited=\u00bbon|phone\u00bb header_2_line_height_phone=\u00bb1.3em\u00bb header_2_line_height_last_edited=\u00bboff|tablet\u00bb header_3_font_size_tablet=\u00bb\u00bb header_3_font_size_phone=\u00bb23px\u00bb header_3_font_size_last_edited=\u00bbon|phone\u00bb header_4_font_size_tablet=\u00bb\u00bb header_4_font_size_phone=\u00bb15px\u00bb header_4_font_size_last_edited=\u00bbon|phone\u00bb header_5_line_height_tablet=\u00bb\u00bb header_5_line_height_phone=\u00bb1.3em\u00bb header_5_line_height_last_edited=\u00bbon|phone\u00bb global_colors_info=\u00bb{}\u00bb]<\/p>\n<p>Al hacer clic en \u00abEnviar\u00bb, usted da su consentimiento para el tratamiento de sus datos personales de acuerdo con la pol\u00edtica de confidencialidad con la que ha le\u00eddo y que acepta sin reservas. <a href=\"https:\/\/www.latribunedeplanas.com\/politique-de-confidentialite\/\" target=\"_blank\" rel=\"noopener\">Conozca m\u00e1s sobre la pol\u00edtica de privacidad de La Tribune de Planas<\/a><\/p>\n<p>[\/et_pb_text][\/et_pb_column][et_pb_column type=\u00bb1_4&#8243; _builder_version=\u00bb4.16&#8243; custom_padding=\u00bb|||\u00bb global_colors_info=\u00bb{}\u00bb custom_padding__hover=\u00bb|||\u00bb][et_pb_sidebar area=\u00bbsidebar-1&#8243; show_border=\u00bboff\u00bb disabled_on=\u00bboff|off|off\u00bb module_class=\u00bbsidebar\u00bb _builder_version=\u00bb4.16&#8243; custom_margin_tablet=\u00bb30px||||false|false\u00bb custom_margin_phone=\u00bb20px||||false|false\u00bb custom_margin_last_edited=\u00bbon|phone\u00bb custom_padding=\u00bb||||false|true\u00bb border_width_all=\u00bb1px\u00bb border_color_all=\u00bb#00397e\u00bb global_colors_info=\u00bb{}\u00bb][\/et_pb_sidebar][\/et_pb_column][\/et_pb_row][\/et_pb_section]<\/p>\n","protected":false},"excerpt":{"rendered":"<p>\u00bfUna pregunta, un comentario, una solicitud de informaci\u00f3n? No dude en escribirnos a trav\u00e9s del formulario que aparece a continuaci\u00f3n. Nos comprometemos a responderle a la mayor brevedad posible.Al hacer clic en \u00abEnviar\u00bb, usted da su consentimiento para el tratamiento de sus datos personales de acuerdo con la pol\u00edtica de confidencialidad con la que ha [&hellip;]<\/p>\n","protected":false},"author":1,"featured_media":0,"parent":0,"menu_order":0,"comment_status":"closed","ping_status":"closed","template":"","meta":{"_et_pb_use_builder":"on","_et_pb_old_content":"","_et_gb_content_width":"","footnotes":""},"class_list":["post-17552","page","type-page","status-publish","hentry"],"yoast_head":"<!-- This site is optimized with the Yoast SEO plugin v27.5 - https:\/\/yoast.com\/product\/yoast-seo-wordpress\/ -->\n<title>Contacto | La Tribune de Planas<\/title>\n<meta name=\"description\" content=\"Cont\u00e1ctenos para cualquier duda o informaci\u00f3n. Le responderemos lo antes posible a trav\u00e9s del formulario.\" \/>\n<meta name=\"robots\" content=\"index, follow, max-snippet:-1, max-image-preview:large, max-video-preview:-1\" \/>\n<link rel=\"canonical\" href=\"https:\/\/www.latribunedeplanas.com\/es\/contacto\/\" \/>\n<meta property=\"og:locale\" content=\"es_ES\" \/>\n<meta property=\"og:type\" content=\"article\" \/>\n<meta property=\"og:title\" content=\"Contacto | La Tribune de Planas\" \/>\n<meta property=\"og:description\" content=\"Cont\u00e1ctenos para cualquier duda o informaci\u00f3n. Le responderemos lo antes posible a trav\u00e9s del formulario.\" \/>\n<meta property=\"og:url\" content=\"https:\/\/www.latribunedeplanas.com\/es\/contacto\/\" \/>\n<meta property=\"og:site_name\" content=\"La Tribune de Planas\" \/>\n<meta property=\"article:publisher\" content=\"https:\/\/www.facebook.com\/groups\/1220895301376005\/\" \/>\n<meta property=\"article:modified_time\" content=\"2025-12-15T17:18:54+00:00\" \/>\n<meta name=\"twitter:card\" content=\"summary_large_image\" \/>\n<meta name=\"twitter:label1\" content=\"Tiempo de lectura\" \/>\n\t<meta name=\"twitter:data1\" content=\"8 minutos\" \/>\n<script type=\"application\/ld+json\" class=\"yoast-schema-graph\">{\"@context\":\"https:\\\/\\\/schema.org\",\"@graph\":[{\"@type\":\"WebPage\",\"@id\":\"https:\\\/\\\/www.latribunedeplanas.com\\\/es\\\/contacto\\\/\",\"url\":\"https:\\\/\\\/www.latribunedeplanas.com\\\/es\\\/contacto\\\/\",\"name\":\"Contacto | La Tribune de Planas\",\"isPartOf\":{\"@id\":\"https:\\\/\\\/www.latribunedeplanas.com\\\/es\\\/#website\"},\"datePublished\":\"2021-04-02T22:33:20+00:00\",\"dateModified\":\"2025-12-15T17:18:54+00:00\",\"description\":\"Cont\u00e1ctenos para cualquier duda o informaci\u00f3n. Le responderemos lo antes posible a trav\u00e9s del formulario.\",\"breadcrumb\":{\"@id\":\"https:\\\/\\\/www.latribunedeplanas.com\\\/es\\\/contacto\\\/#breadcrumb\"},\"inLanguage\":\"es\",\"potentialAction\":[{\"@type\":\"ReadAction\",\"target\":[\"https:\\\/\\\/www.latribunedeplanas.com\\\/es\\\/contacto\\\/\"]}]},{\"@type\":\"BreadcrumbList\",\"@id\":\"https:\\\/\\\/www.latribunedeplanas.com\\\/es\\\/contacto\\\/#breadcrumb\",\"itemListElement\":[{\"@type\":\"ListItem\",\"position\":1,\"name\":\"Accueil\",\"item\":\"https:\\\/\\\/www.latribunedeplanas.com\\\/es\\\/\"},{\"@type\":\"ListItem\",\"position\":2,\"name\":\"Contacto\"}]},{\"@type\":\"WebSite\",\"@id\":\"https:\\\/\\\/www.latribunedeplanas.com\\\/es\\\/#website\",\"url\":\"https:\\\/\\\/www.latribunedeplanas.com\\\/es\\\/\",\"name\":\"La Tribune de Planas\",\"description\":\"Les Planes del Rei - Urbanizaci\u00f3n del municipio de Pratdip\",\"publisher\":{\"@id\":\"https:\\\/\\\/www.latribunedeplanas.com\\\/es\\\/#organization\"},\"potentialAction\":[{\"@type\":\"SearchAction\",\"target\":{\"@type\":\"EntryPoint\",\"urlTemplate\":\"https:\\\/\\\/www.latribunedeplanas.com\\\/es\\\/?s={search_term_string}\"},\"query-input\":{\"@type\":\"PropertyValueSpecification\",\"valueRequired\":true,\"valueName\":\"search_term_string\"}}],\"inLanguage\":\"es\"},{\"@type\":\"Organization\",\"@id\":\"https:\\\/\\\/www.latribunedeplanas.com\\\/es\\\/#organization\",\"name\":\"Vecinos de Planes del Rei (SOSPlanes)\",\"url\":\"https:\\\/\\\/www.latribunedeplanas.com\\\/es\\\/\",\"logo\":{\"@type\":\"ImageObject\",\"inLanguage\":\"es\",\"@id\":\"https:\\\/\\\/www.latribunedeplanas.com\\\/es\\\/#\\\/schema\\\/logo\\\/image\\\/\",\"url\":\"https:\\\/\\\/www.latribunedeplanas.com\\\/wp-content\\\/uploads\\\/2021\\\/11\\\/logo-sos-planas-0.png\",\"contentUrl\":\"https:\\\/\\\/www.latribunedeplanas.com\\\/wp-content\\\/uploads\\\/2021\\\/11\\\/logo-sos-planas-0.png\",\"width\":600,\"height\":400,\"caption\":\"Vecinos de Planes del Rei (SOSPlanes)\"},\"image\":{\"@id\":\"https:\\\/\\\/www.latribunedeplanas.com\\\/es\\\/#\\\/schema\\\/logo\\\/image\\\/\"},\"sameAs\":[\"https:\\\/\\\/www.facebook.com\\\/groups\\\/1220895301376005\\\/\",\"https:\\\/\\\/www.instagram.com\\\/lasplanasdelrey\\\/\"]}]}<\/script>\n<!-- \/ Yoast SEO plugin. -->","yoast_head_json":{"title":"Contacto | La Tribune de Planas","description":"Cont\u00e1ctenos para cualquier duda o informaci\u00f3n. Le responderemos lo antes posible a trav\u00e9s del formulario.","robots":{"index":"index","follow":"follow","max-snippet":"max-snippet:-1","max-image-preview":"max-image-preview:large","max-video-preview":"max-video-preview:-1"},"canonical":"https:\/\/www.latribunedeplanas.com\/es\/contacto\/","og_locale":"es_ES","og_type":"article","og_title":"Contacto | La Tribune de Planas","og_description":"Cont\u00e1ctenos para cualquier duda o informaci\u00f3n. Le responderemos lo antes posible a trav\u00e9s del formulario.","og_url":"https:\/\/www.latribunedeplanas.com\/es\/contacto\/","og_site_name":"La Tribune de Planas","article_publisher":"https:\/\/www.facebook.com\/groups\/1220895301376005\/","article_modified_time":"2025-12-15T17:18:54+00:00","twitter_card":"summary_large_image","twitter_misc":{"Tiempo de lectura":"8 minutos"},"schema":{"@context":"https:\/\/schema.org","@graph":[{"@type":"WebPage","@id":"https:\/\/www.latribunedeplanas.com\/es\/contacto\/","url":"https:\/\/www.latribunedeplanas.com\/es\/contacto\/","name":"Contacto | La Tribune de Planas","isPartOf":{"@id":"https:\/\/www.latribunedeplanas.com\/es\/#website"},"datePublished":"2021-04-02T22:33:20+00:00","dateModified":"2025-12-15T17:18:54+00:00","description":"Cont\u00e1ctenos para cualquier duda o informaci\u00f3n. Le responderemos lo antes posible a trav\u00e9s del formulario.","breadcrumb":{"@id":"https:\/\/www.latribunedeplanas.com\/es\/contacto\/#breadcrumb"},"inLanguage":"es","potentialAction":[{"@type":"ReadAction","target":["https:\/\/www.latribunedeplanas.com\/es\/contacto\/"]}]},{"@type":"BreadcrumbList","@id":"https:\/\/www.latribunedeplanas.com\/es\/contacto\/#breadcrumb","itemListElement":[{"@type":"ListItem","position":1,"name":"Accueil","item":"https:\/\/www.latribunedeplanas.com\/es\/"},{"@type":"ListItem","position":2,"name":"Contacto"}]},{"@type":"WebSite","@id":"https:\/\/www.latribunedeplanas.com\/es\/#website","url":"https:\/\/www.latribunedeplanas.com\/es\/","name":"La Tribune de Planas","description":"Les Planes del Rei - Urbanizaci\u00f3n del municipio de Pratdip","publisher":{"@id":"https:\/\/www.latribunedeplanas.com\/es\/#organization"},"potentialAction":[{"@type":"SearchAction","target":{"@type":"EntryPoint","urlTemplate":"https:\/\/www.latribunedeplanas.com\/es\/?s={search_term_string}"},"query-input":{"@type":"PropertyValueSpecification","valueRequired":true,"valueName":"search_term_string"}}],"inLanguage":"es"},{"@type":"Organization","@id":"https:\/\/www.latribunedeplanas.com\/es\/#organization","name":"Vecinos de Planes del Rei (SOSPlanes)","url":"https:\/\/www.latribunedeplanas.com\/es\/","logo":{"@type":"ImageObject","inLanguage":"es","@id":"https:\/\/www.latribunedeplanas.com\/es\/#\/schema\/logo\/image\/","url":"https:\/\/www.latribunedeplanas.com\/wp-content\/uploads\/2021\/11\/logo-sos-planas-0.png","contentUrl":"https:\/\/www.latribunedeplanas.com\/wp-content\/uploads\/2021\/11\/logo-sos-planas-0.png","width":600,"height":400,"caption":"Vecinos de Planes del Rei (SOSPlanes)"},"image":{"@id":"https:\/\/www.latribunedeplanas.com\/es\/#\/schema\/logo\/image\/"},"sameAs":["https:\/\/www.facebook.com\/groups\/1220895301376005\/","https:\/\/www.instagram.com\/lasplanasdelrey\/"]}]}},"_links":{"self":[{"href":"https:\/\/www.latribunedeplanas.com\/es\/wp-json\/wp\/v2\/pages\/17552","targetHints":{"allow":["GET"]}}],"collection":[{"href":"https:\/\/www.latribunedeplanas.com\/es\/wp-json\/wp\/v2\/pages"}],"about":[{"href":"https:\/\/www.latribunedeplanas.com\/es\/wp-json\/wp\/v2\/types\/page"}],"author":[{"embeddable":true,"href":"https:\/\/www.latribunedeplanas.com\/es\/wp-json\/wp\/v2\/users\/1"}],"replies":[{"embeddable":true,"href":"https:\/\/www.latribunedeplanas.com\/es\/wp-json\/wp\/v2\/comments?post=17552"}],"version-history":[{"count":2,"href":"https:\/\/www.latribunedeplanas.com\/es\/wp-json\/wp\/v2\/pages\/17552\/revisions"}],"predecessor-version":[{"id":30495,"href":"https:\/\/www.latribunedeplanas.com\/es\/wp-json\/wp\/v2\/pages\/17552\/revisions\/30495"}],"wp:attachment":[{"href":"https:\/\/www.latribunedeplanas.com\/es\/wp-json\/wp\/v2\/media?parent=17552"}],"curies":[{"name":"wp","href":"https:\/\/api.w.org\/{rel}","templated":true}]}}