{"id":12598,"date":"2019-03-03T23:03:48","date_gmt":"2019-03-03T22:03:48","guid":{"rendered":"https:\/\/www.latribunedeplanas.com\/de-2000-a-2010\/"},"modified":"2025-12-15T17:08:39","modified_gmt":"2025-12-15T16:08:39","slug":"de-2000-a-2010","status":"publish","type":"page","link":"https:\/\/www.latribunedeplanas.com\/es\/de-2000-a-2010\/","title":{"rendered":"Art\u00edculos del 2000 al 2010"},"content":{"rendered":"<p>[et_pb_section fb_built=\u00bb1&#8243; module_class=\u00bbsection-index\u00bb _builder_version=\u00bb4.16&#8243; module_alignment=\u00bbcenter\u00bb custom_margin=\u00bb0px|0px|0px|0px||true\u00bb custom_padding=\u00bb0px|0px|0px|0px|false\u00bb global_colors_info=\u00bb{}\u00bb][et_pb_row column_structure=\u00bb3_4,1_4&#8243; use_custom_gutter=\u00bbon\u00bb gutter_width=\u00bb1&#8243; module_id=\u00bbligne-blog\u00bb module_class=\u00bbligne\u00bb _builder_version=\u00bb4.18.0&#8243; custom_margin=\u00bb90px||50px||false|false\u00bb custom_margin_tablet=\u00bb50px||||false|false\u00bb custom_margin_phone=\u00bb25px||0px||false|false\u00bb custom_margin_last_edited=\u00bbon|desktop\u00bb custom_padding=\u00bb0px||0px\u00bb use_custom_width=\u00bbon\u00bb width_unit=\u00bboff\u00bb global_colors_info=\u00bb{}\u00bb][et_pb_column type=\u00bb3_4&#8243; _builder_version=\u00bb4.16&#8243; custom_padding=\u00bb|||\u00bb global_colors_info=\u00bb{}\u00bb custom_padding__hover=\u00bb|||\u00bb][et_pb_text admin_label=\u00bbTitre-Art\u00edculos del 2000 al 2010&#8243; module_class=\u00bbtxt-article\u00bb _builder_version=\u00bb4.27.4&#8243; text_font=\u00bb|300|||||||\u00bb header_font=\u00bb|600||on|||||\u00bb header_text_color=\u00bb#FFFFFF\u00bb header_font_size=\u00bb27px\u00bb header_2_font=\u00bb|600|||||||\u00bb header_2_text_color=\u00bb#840303&#8243; header_2_font_size=\u00bb24px\u00bb header_2_line_height=\u00bb1.3em\u00bb header_3_font=\u00bb||||||||\u00bb header_3_font_size=\u00bb24px\u00bb header_3_line_height=\u00bb1.3em\u00bb header_4_font=\u00bb||||||||\u00bb header_4_text_align=\u00bbcenter\u00bb header_4_text_color=\u00bb#840303&#8243; header_4_font_size=\u00bb20px\u00bb header_5_font=\u00bb|600|||||||\u00bb header_5_text_color=\u00bb#840303&#8243; header_5_font_size=\u00bb20px\u00bb header_5_line_height=\u00bb1.7em\u00bb background_color=\u00bb#00397e\u00bb custom_margin=\u00bb|1%|25px|1%|false|true\u00bb custom_padding=\u00bb16px||8px|30px|false|false\u00bb custom_padding_tablet=\u00bb\u00bb custom_padding_phone=\u00bb|15px||15px|false|false\u00bb custom_padding_last_edited=\u00bbon|phone\u00bb text_line_height_tablet=\u00bb\u00bb text_line_height_phone=\u00bb1.3em\u00bb text_line_height_last_edited=\u00bbon|desktop\u00bb header_font_size_tablet=\u00bb\u00bb header_font_size_phone=\u00bb22px\u00bb header_font_size_last_edited=\u00bbon|phone\u00bb header_2_font_size_tablet=\u00bb\u00bb header_2_font_size_phone=\u00bb23px\u00bb header_2_font_size_last_edited=\u00bbon|phone\u00bb header_3_font_size_tablet=\u00bb\u00bb header_3_font_size_phone=\u00bb23px\u00bb header_3_font_size_last_edited=\u00bbon|phone\u00bb header_4_font_size_tablet=\u00bb\u00bb header_4_font_size_phone=\u00bb15px\u00bb header_4_font_size_last_edited=\u00bbon|phone\u00bb header_5_line_height_tablet=\u00bb\u00bb header_5_line_height_phone=\u00bb1.3em\u00bb header_5_line_height_last_edited=\u00bbon|phone\u00bb border_radii=\u00bbon|3px|3px|3px|3px\u00bb global_colors_info=\u00bb{}\u00bb]<\/p>\n<h1>Art\u00edculos del 2000 al 2010<\/h1>\n<p>[\/et_pb_text][et_pb_text admin_label=\u00bbTexte\u00bb module_class=\u00bbtxt-categorie\u00bb _builder_version=\u00bb4.27.4&#8243; text_font=\u00bb|300|||||||\u00bb header_font=\u00bb||||||||\u00bb header_2_line_height=\u00bb1.2em\u00bb header_3_font=\u00bb||||||||\u00bb header_3_line_height=\u00bb1.3em\u00bb header_4_text_align=\u00bbcenter\u00bb custom_margin=\u00bb|1%|30px|1%|false|true\u00bb custom_padding=\u00bb||||false|false\u00bb text_line_height_tablet=\u00bb\u00bb text_line_height_phone=\u00bb1.3em\u00bb text_line_height_last_edited=\u00bbon|desktop\u00bb header_2_font_size_tablet=\u00bb\u00bb header_2_font_size_phone=\u00bb\u00bb header_2_font_size_last_edited=\u00bbon|phone\u00bb header_3_font_size_tablet=\u00bb\u00bb header_3_font_size_phone=\u00bb23px\u00bb header_3_font_size_last_edited=\u00bbon|desktop\u00bb locked=\u00bboff\u00bb global_colors_info=\u00bb{}\u00bb]El per\u00edodo <span class=\"accentue\">2000\u20132010<\/span> agrupa los principales acontecimientos jur\u00eddicos y administrativos relacionados con <span class=\"accentue\">Planas del Rey<\/span>: desde la confirmaci\u00f3n de las sentencias sobre las zonas comunes (2001\u20132004), hasta los acuerdos con la <span class=\"accentue\">EUCC<\/span> y el Ayuntamiento de Pratdip (2002\u20132010), culminando con el contrato de gesti\u00f3n del agua y los residuos con <span class=\"accentue\">Comaigua<\/span> en 2010. Aqu\u00ed encontrar\u00e1 documentos oficiales, convenios y sentencias que dieron forma a la gesti\u00f3n urbana y los servicios p\u00fablicos de la urbanizaci\u00f3n.[\/et_pb_text][et_pb_blog fullwidth=\u00bboff\u00bb posts_number=\u00bb20&#8243; include_categories=\u00bb99,101,109,107,105,93,199&#8243; meta_date=\u00bbj M,Y\u00bb show_author=\u00bboff\u00bb show_categories=\u00bboff\u00bb show_pagination=\u00bboff\u00bb admin_label=\u00bbBlog-Art\u00edculos del 2000 al 2010&#8243; module_class=\u00bbblog-3-colonnes\u00bb _builder_version=\u00bb4.27.4&#8243; header_font=\u00bb|600|||||||\u00bb header_text_color=\u00bb#00397e\u00bb header_font_size=\u00bb20px\u00bb body_line_height=\u00bb1.2em\u00bb meta_font=\u00bb|600|||||||\u00bb meta_text_color=\u00bb#840303&#8243; meta_font_size=\u00bb16px\u00bb pagination_font=\u00bb||||||||\u00bb custom_margin=\u00bb||||false|false\u00bb custom_padding=\u00bb|||\u00bb header_font_size_phone=\u00bb20px\u00bb header_font_size_last_edited=\u00bboff|phone\u00bb body_line_height_tablet=\u00bb1.1em\u00bb body_line_height_phone=\u00bb\u00bb body_line_height_last_edited=\u00bbon|tablet\u00bb pagination_font_size_tablet=\u00bb51&#8243; pagination_line_height_tablet=\u00bb2&#8243; border_width_all=\u00bb0px\u00bb border_width_right=\u00bb1px\u00bb border_color_right=\u00bb#00397e\u00bb border_width_bottom=\u00bb1px\u00bb border_color_bottom=\u00bb#00397e\u00bb border_width_left=\u00bb1px\u00bb border_color_left=\u00bb#00397e\u00bb global_colors_info=\u00bb{}\u00bb child_filter_saturate__hover_enabled=\u00bbon\u00bb child_filter_saturate__hover=\u00bb100%\u00bb][\/et_pb_blog][et_pb_text admin_label=\u00bbTexte-Lien\u00bb module_class=\u00bbtxt-article\u00bb _builder_version=\u00bb4.27.5&#8243; text_font=\u00bb|300|||||||\u00bb header_font=\u00bb||||||||\u00bb header_2_line_height=\u00bb1.2em\u00bb header_3_font=\u00bb||||||||\u00bb header_3_line_height=\u00bb1.3em\u00bb header_4_text_align=\u00bbcenter\u00bb custom_margin=\u00bb|1%||1%|false|true\u00bb custom_padding=\u00bb20px||0px||false|false\u00bb custom_padding_tablet=\u00bb||30px||false|false\u00bb custom_padding_phone=\u00bb||30px||false|false\u00bb custom_padding_last_edited=\u00bbon|phone\u00bb hover_enabled=\u00bb0&#8243; text_line_height_tablet=\u00bb\u00bb text_line_height_phone=\u00bb1.3em\u00bb text_line_height_last_edited=\u00bbon|desktop\u00bb header_2_font_size_tablet=\u00bb\u00bb header_2_font_size_phone=\u00bb\u00bb header_2_font_size_last_edited=\u00bbon|phone\u00bb header_3_font_size_tablet=\u00bb\u00bb header_3_font_size_phone=\u00bb23px\u00bb header_3_font_size_last_edited=\u00bbon|desktop\u00bb locked=\u00bboff\u00bb global_colors_info=\u00bb{}\u00bb sticky_enabled=\u00bb0&#8243;]-Ver tambi\u00e9n: <a href=\"https:\/\/www.latribunedeplanas.com\/es\/de-1964-a-1993\/\">los or\u00edgenes hist\u00f3ricos de Planas del Rey<\/a> o <a href=\"https:\/\/www.latribunedeplanas.com\/es\/2016-2017\/\">la actualidad de 2015 a 2018<\/a>. Para consultar los originales, visite la p\u00e1gina <a href=\"https:\/\/www.latribunedeplanas.com\/es\/analisis-de-documentos\/\">Documentos<\/a>.[\/et_pb_text][\/et_pb_column][et_pb_column type=\u00bb1_4&#8243; _builder_version=\u00bb4.16&#8243; custom_padding=\u00bb|||\u00bb global_colors_info=\u00bb{}\u00bb custom_padding__hover=\u00bb|||\u00bb][et_pb_sidebar area=\u00bbsidebar-1&#8243; show_border=\u00bboff\u00bb module_class=\u00bbsidebar\u00bb _builder_version=\u00bb4.16&#8243; custom_padding=\u00bb|||||true\u00bb border_width_all=\u00bb1px\u00bb border_color_all=\u00bb#00397e\u00bb global_colors_info=\u00bb{}\u00bb][\/et_pb_sidebar][\/et_pb_column][\/et_pb_row][\/et_pb_section]<\/p>\n","protected":false},"excerpt":{"rendered":"<p>Art\u00edculos del 2000 al 2010El per\u00edodo 2000\u20132010 agrupa los principales acontecimientos jur\u00eddicos y administrativos relacionados con Planas del Rey: desde la confirmaci\u00f3n de las sentencias sobre las zonas comunes (2001\u20132004), hasta los acuerdos con la EUCC y el Ayuntamiento de Pratdip (2002\u20132010), culminando con el contrato de gesti\u00f3n del agua y los residuos con Comaigua [&hellip;]<\/p>\n","protected":false},"author":1,"featured_media":0,"parent":0,"menu_order":0,"comment_status":"closed","ping_status":"closed","template":"","meta":{"_et_pb_use_builder":"on","_et_pb_old_content":"","_et_gb_content_width":"","footnotes":""},"class_list":["post-12598","page","type-page","status-publish","hentry"],"yoast_head":"<!-- This site is optimized with the Yoast SEO plugin v27.3 - https:\/\/yoast.com\/product\/yoast-seo-wordpress\/ -->\n<title>Pratdip - Planas del Rey : 2000-2010 | La Tribune de Planas<\/title>\n<meta name=\"description\" content=\"ES : Conozca los acuerdos, sentencias y documentos clave de Planas del Rey (Pratdip) entre 2001 y 2010: agua, residuos, zonas comunes y urbanismo.\" \/>\n<meta name=\"robots\" content=\"index, follow, max-snippet:-1, max-image-preview:large, max-video-preview:-1\" \/>\n<link rel=\"canonical\" href=\"https:\/\/www.latribunedeplanas.com\/es\/de-2000-a-2010\/\" \/>\n<meta property=\"og:locale\" content=\"es_ES\" \/>\n<meta property=\"og:type\" content=\"article\" \/>\n<meta property=\"og:title\" content=\"Pratdip - Planas del Rey : 2000-2010 | La Tribune de Planas\" \/>\n<meta property=\"og:description\" content=\"ES : Conozca los acuerdos, sentencias y documentos clave de Planas del Rey (Pratdip) entre 2001 y 2010: agua, residuos, zonas comunes y urbanismo.\" \/>\n<meta property=\"og:url\" content=\"https:\/\/www.latribunedeplanas.com\/es\/de-2000-a-2010\/\" \/>\n<meta property=\"og:site_name\" content=\"La Tribune de Planas\" \/>\n<meta property=\"article:publisher\" content=\"https:\/\/www.facebook.com\/groups\/1220895301376005\/\" \/>\n<meta property=\"article:modified_time\" content=\"2025-12-15T16:08:39+00:00\" \/>\n<meta name=\"twitter:card\" content=\"summary_large_image\" \/>\n<meta name=\"twitter:label1\" content=\"Tiempo de lectura\" \/>\n\t<meta name=\"twitter:data1\" content=\"12 minutos\" \/>\n<script type=\"application\/ld+json\" class=\"yoast-schema-graph\">{\"@context\":\"https:\\\/\\\/schema.org\",\"@graph\":[{\"@type\":\"WebPage\",\"@id\":\"https:\\\/\\\/www.latribunedeplanas.com\\\/es\\\/de-2000-a-2010\\\/\",\"url\":\"https:\\\/\\\/www.latribunedeplanas.com\\\/es\\\/de-2000-a-2010\\\/\",\"name\":\"Pratdip - Planas del Rey : 2000-2010 | La Tribune de Planas\",\"isPartOf\":{\"@id\":\"https:\\\/\\\/www.latribunedeplanas.com\\\/es\\\/#website\"},\"datePublished\":\"2019-03-03T22:03:48+00:00\",\"dateModified\":\"2025-12-15T16:08:39+00:00\",\"description\":\"ES : Conozca los acuerdos, sentencias y documentos clave de Planas del Rey (Pratdip) entre 2001 y 2010: agua, residuos, zonas comunes y urbanismo.\",\"breadcrumb\":{\"@id\":\"https:\\\/\\\/www.latribunedeplanas.com\\\/es\\\/de-2000-a-2010\\\/#breadcrumb\"},\"inLanguage\":\"es\",\"potentialAction\":[{\"@type\":\"ReadAction\",\"target\":[\"https:\\\/\\\/www.latribunedeplanas.com\\\/es\\\/de-2000-a-2010\\\/\"]}]},{\"@type\":\"BreadcrumbList\",\"@id\":\"https:\\\/\\\/www.latribunedeplanas.com\\\/es\\\/de-2000-a-2010\\\/#breadcrumb\",\"itemListElement\":[{\"@type\":\"ListItem\",\"position\":1,\"name\":\"Accueil\",\"item\":\"https:\\\/\\\/www.latribunedeplanas.com\\\/es\\\/\"},{\"@type\":\"ListItem\",\"position\":2,\"name\":\"Art\u00edculos del 2000 al 2010\"}]},{\"@type\":\"WebSite\",\"@id\":\"https:\\\/\\\/www.latribunedeplanas.com\\\/es\\\/#website\",\"url\":\"https:\\\/\\\/www.latribunedeplanas.com\\\/es\\\/\",\"name\":\"La Tribune de Planas\",\"description\":\"Les Planes del Rei - Urbanizaci\u00f3n del municipio de Pratdip\",\"publisher\":{\"@id\":\"https:\\\/\\\/www.latribunedeplanas.com\\\/es\\\/#organization\"},\"potentialAction\":[{\"@type\":\"SearchAction\",\"target\":{\"@type\":\"EntryPoint\",\"urlTemplate\":\"https:\\\/\\\/www.latribunedeplanas.com\\\/es\\\/?s={search_term_string}\"},\"query-input\":{\"@type\":\"PropertyValueSpecification\",\"valueRequired\":true,\"valueName\":\"search_term_string\"}}],\"inLanguage\":\"es\"},{\"@type\":\"Organization\",\"@id\":\"https:\\\/\\\/www.latribunedeplanas.com\\\/es\\\/#organization\",\"name\":\"Vecinos de Planes del Rei (SOSPlanes)\",\"url\":\"https:\\\/\\\/www.latribunedeplanas.com\\\/es\\\/\",\"logo\":{\"@type\":\"ImageObject\",\"inLanguage\":\"es\",\"@id\":\"https:\\\/\\\/www.latribunedeplanas.com\\\/es\\\/#\\\/schema\\\/logo\\\/image\\\/\",\"url\":\"https:\\\/\\\/www.latribunedeplanas.com\\\/wp-content\\\/uploads\\\/2021\\\/11\\\/logo-sos-planas-0.png\",\"contentUrl\":\"https:\\\/\\\/www.latribunedeplanas.com\\\/wp-content\\\/uploads\\\/2021\\\/11\\\/logo-sos-planas-0.png\",\"width\":600,\"height\":400,\"caption\":\"Vecinos de Planes del Rei (SOSPlanes)\"},\"image\":{\"@id\":\"https:\\\/\\\/www.latribunedeplanas.com\\\/es\\\/#\\\/schema\\\/logo\\\/image\\\/\"},\"sameAs\":[\"https:\\\/\\\/www.facebook.com\\\/groups\\\/1220895301376005\\\/\",\"https:\\\/\\\/www.instagram.com\\\/lasplanasdelrey\\\/\"]}]}<\/script>\n<!-- \/ Yoast SEO plugin. -->","yoast_head_json":{"title":"Pratdip - Planas del Rey : 2000-2010 | La Tribune de Planas","description":"ES : Conozca los acuerdos, sentencias y documentos clave de Planas del Rey (Pratdip) entre 2001 y 2010: agua, residuos, zonas comunes y urbanismo.","robots":{"index":"index","follow":"follow","max-snippet":"max-snippet:-1","max-image-preview":"max-image-preview:large","max-video-preview":"max-video-preview:-1"},"canonical":"https:\/\/www.latribunedeplanas.com\/es\/de-2000-a-2010\/","og_locale":"es_ES","og_type":"article","og_title":"Pratdip - Planas del Rey : 2000-2010 | La Tribune de Planas","og_description":"ES : Conozca los acuerdos, sentencias y documentos clave de Planas del Rey (Pratdip) entre 2001 y 2010: agua, residuos, zonas comunes y urbanismo.","og_url":"https:\/\/www.latribunedeplanas.com\/es\/de-2000-a-2010\/","og_site_name":"La Tribune de Planas","article_publisher":"https:\/\/www.facebook.com\/groups\/1220895301376005\/","article_modified_time":"2025-12-15T16:08:39+00:00","twitter_card":"summary_large_image","twitter_misc":{"Tiempo de lectura":"12 minutos"},"schema":{"@context":"https:\/\/schema.org","@graph":[{"@type":"WebPage","@id":"https:\/\/www.latribunedeplanas.com\/es\/de-2000-a-2010\/","url":"https:\/\/www.latribunedeplanas.com\/es\/de-2000-a-2010\/","name":"Pratdip - Planas del Rey : 2000-2010 | La Tribune de Planas","isPartOf":{"@id":"https:\/\/www.latribunedeplanas.com\/es\/#website"},"datePublished":"2019-03-03T22:03:48+00:00","dateModified":"2025-12-15T16:08:39+00:00","description":"ES : Conozca los acuerdos, sentencias y documentos clave de Planas del Rey (Pratdip) entre 2001 y 2010: agua, residuos, zonas comunes y urbanismo.","breadcrumb":{"@id":"https:\/\/www.latribunedeplanas.com\/es\/de-2000-a-2010\/#breadcrumb"},"inLanguage":"es","potentialAction":[{"@type":"ReadAction","target":["https:\/\/www.latribunedeplanas.com\/es\/de-2000-a-2010\/"]}]},{"@type":"BreadcrumbList","@id":"https:\/\/www.latribunedeplanas.com\/es\/de-2000-a-2010\/#breadcrumb","itemListElement":[{"@type":"ListItem","position":1,"name":"Accueil","item":"https:\/\/www.latribunedeplanas.com\/es\/"},{"@type":"ListItem","position":2,"name":"Art\u00edculos del 2000 al 2010"}]},{"@type":"WebSite","@id":"https:\/\/www.latribunedeplanas.com\/es\/#website","url":"https:\/\/www.latribunedeplanas.com\/es\/","name":"La Tribune de Planas","description":"Les Planes del Rei - Urbanizaci\u00f3n del municipio de Pratdip","publisher":{"@id":"https:\/\/www.latribunedeplanas.com\/es\/#organization"},"potentialAction":[{"@type":"SearchAction","target":{"@type":"EntryPoint","urlTemplate":"https:\/\/www.latribunedeplanas.com\/es\/?s={search_term_string}"},"query-input":{"@type":"PropertyValueSpecification","valueRequired":true,"valueName":"search_term_string"}}],"inLanguage":"es"},{"@type":"Organization","@id":"https:\/\/www.latribunedeplanas.com\/es\/#organization","name":"Vecinos de Planes del Rei (SOSPlanes)","url":"https:\/\/www.latribunedeplanas.com\/es\/","logo":{"@type":"ImageObject","inLanguage":"es","@id":"https:\/\/www.latribunedeplanas.com\/es\/#\/schema\/logo\/image\/","url":"https:\/\/www.latribunedeplanas.com\/wp-content\/uploads\/2021\/11\/logo-sos-planas-0.png","contentUrl":"https:\/\/www.latribunedeplanas.com\/wp-content\/uploads\/2021\/11\/logo-sos-planas-0.png","width":600,"height":400,"caption":"Vecinos de Planes del Rei (SOSPlanes)"},"image":{"@id":"https:\/\/www.latribunedeplanas.com\/es\/#\/schema\/logo\/image\/"},"sameAs":["https:\/\/www.facebook.com\/groups\/1220895301376005\/","https:\/\/www.instagram.com\/lasplanasdelrey\/"]}]}},"_links":{"self":[{"href":"https:\/\/www.latribunedeplanas.com\/es\/wp-json\/wp\/v2\/pages\/12598","targetHints":{"allow":["GET"]}}],"collection":[{"href":"https:\/\/www.latribunedeplanas.com\/es\/wp-json\/wp\/v2\/pages"}],"about":[{"href":"https:\/\/www.latribunedeplanas.com\/es\/wp-json\/wp\/v2\/types\/page"}],"author":[{"embeddable":true,"href":"https:\/\/www.latribunedeplanas.com\/es\/wp-json\/wp\/v2\/users\/1"}],"replies":[{"embeddable":true,"href":"https:\/\/www.latribunedeplanas.com\/es\/wp-json\/wp\/v2\/comments?post=12598"}],"version-history":[{"count":4,"href":"https:\/\/www.latribunedeplanas.com\/es\/wp-json\/wp\/v2\/pages\/12598\/revisions"}],"predecessor-version":[{"id":30460,"href":"https:\/\/www.latribunedeplanas.com\/es\/wp-json\/wp\/v2\/pages\/12598\/revisions\/30460"}],"wp:attachment":[{"href":"https:\/\/www.latribunedeplanas.com\/es\/wp-json\/wp\/v2\/media?parent=12598"}],"curies":[{"name":"wp","href":"https:\/\/api.w.org\/{rel}","templated":true}]}}